{"id":590,"date":"2017-06-21T14:31:30","date_gmt":"2017-06-21T14:31:30","guid":{"rendered":"http:\/\/www.delpinoingenieros.cl\/?page_id=590"},"modified":"2017-10-11T14:43:52","modified_gmt":"2017-10-11T14:43:52","slug":"nosotros","status":"publish","type":"page","link":"https:\/\/www.delpinoingenieros.cl\/index.php\/nosotros\/","title":{"rendered":"Nosotros"},"content":{"rendered":"<div id=\"pl-590\"  class=\"panel-layout\" ><div id=\"pg-590-0\"  class=\"panel-grid panel-has-style\" ><div class=\"siteorigin-panels-stretch panel-row-style panel-row-style-for-590-0\" style=\"background-image: url(https:\/\/www.delpinoingenieros.cl\/wp-content\/uploads\/2017\/06\/IMG_2108.jpg);padding: 100px 0; \" data-stretch-type=\"full\" data-hasbg=\"hasbg\" data-overlay=\"true\" data-overlay-color=\"#000000\" ><div id=\"pgc-590-0-0\"  class=\"panel-grid-cell\" ><div id=\"panel-590-0-0-0\" class=\"so-panel widget widget_text panel-first-child panel-last-child\" data-index=\"0\" ><div style=\"text-align: left;\" data-title-color=\"#81d742\" data-headings-color=\"#443f3f\" class=\"panel-widget-style panel-widget-style-for-590-0-0-0\" ><h3 class=\"widget-title\">DelPino Ingenieros<\/h3>\t\t\t<div class=\"textwidget\"><\/div>\n\t\t<\/div><\/div><\/div><\/div><\/div><div id=\"pg-590-1\"  class=\"panel-grid panel-has-style\" ><div class=\"siteorigin-panels-stretch panel-row-style panel-row-style-for-590-1\" style=\"padding: 80px 0; \" data-stretch-type=\"full\" data-overlay-color=\"#000000\" ><div id=\"pgc-590-1-0\"  class=\"panel-grid-cell\" ><div id=\"panel-590-1-0-0\" class=\"so-panel widget widget_text panel-first-child panel-last-child\" data-index=\"1\" ><div style=\"text-align: left;\" data-title-color=\"#443f3f\" data-headings-color=\"#ffffff\" class=\"panel-widget-style panel-widget-style-for-590-1-0-0\" >\t\t\t<div class=\"textwidget\"><p>Asesor\u00edas Integrales Del Pino Ltda. Naci\u00f3 legalmente en el mes de Enero del 2000. Sus primeros trabajos fueron ejecutados a la Ilustre Municipalidad de Mejillones, en distintas especialidades como: Servicios de Mediciones Topogr\u00e1ficas, desarrollo de Proyectos de Ingenier\u00eda, Proyectos de Arquitectura. Nuestros servicios fueron creciendo de forma conjunta con la Ciudad y\u00a0 el desarrollo del Parque Industrial por su potencialidades de desarrollo y fortalecimiento en el sector Pesquero, Industrial, Portuario, Energ\u00e9tico.<\/p>\n<\/div>\n\t\t<\/div><\/div><\/div><\/div><\/div><div id=\"pg-590-2\"  class=\"panel-grid panel-has-style\" ><div class=\"siteorigin-panels-stretch panel-row-style panel-row-style-for-590-2\" style=\"padding: 50px 0; \" data-stretch-type=\"full\" data-overlay=\"true\" data-overlay-color=\"#000000\" ><div id=\"pgc-590-2-0\"  class=\"panel-grid-cell\" ><div id=\"panel-590-2-0-0\" class=\"so-panel widget widget_text panel-first-child panel-last-child\" data-index=\"2\" ><div style=\"text-align: left;\" data-title-color=\"#443f3f\" data-headings-color=\"#443f3f\" class=\"panel-widget-style panel-widget-style-for-590-2-0-0\" >\t\t\t<div class=\"textwidget\"><p>Sus primeros pasos a la Gran Miner\u00eda\u00a0 se inici\u00f3 en el a\u00f1o 2001 para participar\u00a0 como subcontratista en\u00a0 Fase III en la Fundici\u00f3n de REFIMET por un periodo de tres a\u00f1os, para luego ser parte del Equipo de Gerencia de Proyectos, en esta oportunidad nace el nombre de Fantas\u00eda\u00a0 Del Pino Ingenieros\u00a0 entendiendo que toma la responsabilidad de ampliar sus servicios al \u00c1rea de Ingenier\u00eda e Inspecci\u00f3n de Obras, lo que a la fecha\u00a0 nos ha permitido<\/p>\n<\/div>\n\t\t<\/div><\/div><\/div><div id=\"pgc-590-2-1\"  class=\"panel-grid-cell\" ><div id=\"panel-590-2-1-0\" class=\"so-panel widget widget_text panel-first-child panel-last-child\" data-index=\"3\" ><div style=\"text-align: left;\" data-title-color=\"#443f3f\" data-headings-color=\"#443f3f\" class=\"panel-widget-style panel-widget-style-for-590-2-1-0\" >\t\t\t<div class=\"textwidget\"><p>en el tiempo incrementar nuestra cartera de clientes estrat\u00e9gicos destacamos entre nuestros clientes: Glencore Lomas Bayas, Fundici\u00f3n Alto Norte, SQM, Barrick Zaldivar, ESO (European Southern Observatory para sus Proyecto \u201cPARANAL, Proyecto \u201cALMA\u201d Proyecto \u201cARMAZONES\u201d Termo El\u00e9ctrica E-CL\u00a0 Mejillones \u2013 Tocopilla, Termo El\u00e9ctrica AES GENER Mejillones \u2013 Tocopilla.<\/p>\n<\/div>\n\t\t<\/div><\/div><\/div><\/div><\/div><div id=\"pg-590-3\"  class=\"panel-grid panel-has-style\" ><div style=\"padding: 30px 0; \" data-overlay=\"true\" data-overlay-color=\"#000000\" class=\"panel-row-style panel-row-style-for-590-3\" ><div id=\"pgc-590-3-0\"  class=\"panel-grid-cell\" ><div id=\"panel-590-3-0-0\" class=\"so-panel widget widget_text panel-first-child panel-last-child\" data-index=\"4\" ><div style=\"text-align: left;\" data-title-color=\"#443f3f\" data-headings-color=\"#443f3f\" class=\"panel-widget-style panel-widget-style-for-590-3-0-0\" >\t\t\t<div class=\"textwidget\"><h6>ACTUALMENTE, LA ORGANIZACI\u00d3N CUENTA CON UN EQUIPO DE PROFESIONALES ALTAMENTE CALIFICADO, ASI COMO CON LOS RECURSOS NECESARIOS PARA GESTIONAR GRANDES PROYECTOS MULTIDISCIPLINARIOS, DE MANERA SERIA Y RESPONSABLE, EN LOS SECTORES DE MINER\u00cdA, INDUSTRIAL.<\/h6>\n<\/div>\n\t\t<\/div><\/div><\/div><\/div><\/div><\/div>","protected":false},"excerpt":{"rendered":"<p>Asesor\u00edas Integrales Del Pino Ltda. Naci\u00f3 legalmente en el mes de Enero del 2000. Sus primeros trabajos fueron ejecutados a la Ilustre [&hellip;]<\/p>\n","protected":false},"author":1,"featured_media":0,"parent":0,"menu_order":0,"comment_status":"closed","ping_status":"closed","template":"page-templates\/page_front-page.php","meta":[],"wppr_data":{"cwp_meta_box_check":"No"},"yoast_head":"<!-- This site is optimized with the Yoast SEO plugin v20.5 - https:\/\/yoast.com\/wordpress\/plugins\/seo\/ -->\n<title>Nosotros - DelPino Ingenieros<\/title>\n<meta name=\"robots\" content=\"index, follow, max-snippet:-1, max-image-preview:large, max-video-preview:-1\" \/>\n<link rel=\"canonical\" href=\"https:\/\/www.delpinoingenieros.cl\/index.php\/nosotros\/\" \/>\n<meta property=\"og:locale\" content=\"es_ES\" \/>\n<meta property=\"og:type\" content=\"article\" \/>\n<meta property=\"og:title\" content=\"Nosotros - DelPino Ingenieros\" \/>\n<meta property=\"og:description\" content=\"Asesor\u00edas Integrales Del Pino Ltda. Naci\u00f3 legalmente en el mes de Enero del 2000. Sus primeros trabajos fueron ejecutados a la Ilustre [&hellip;]\" \/>\n<meta property=\"og:url\" content=\"https:\/\/www.delpinoingenieros.cl\/index.php\/nosotros\/\" \/>\n<meta property=\"og:site_name\" content=\"DelPino Ingenieros\" \/>\n<meta property=\"article:modified_time\" content=\"2017-10-11T14:43:52+00:00\" \/>\n<meta name=\"twitter:card\" content=\"summary_large_image\" \/>\n<meta name=\"twitter:label1\" content=\"Est. reading time\" \/>\n\t<meta name=\"twitter:data1\" content=\"1 minuto\" \/>\n<script type=\"application\/ld+json\" class=\"yoast-schema-graph\">{\"@context\":\"https:\/\/schema.org\",\"@graph\":[{\"@type\":\"WebPage\",\"@id\":\"https:\/\/www.delpinoingenieros.cl\/index.php\/nosotros\/\",\"url\":\"https:\/\/www.delpinoingenieros.cl\/index.php\/nosotros\/\",\"name\":\"Nosotros - DelPino Ingenieros\",\"isPartOf\":{\"@id\":\"https:\/\/www.delpinoingenieros.cl\/#website\"},\"datePublished\":\"2017-06-21T14:31:30+00:00\",\"dateModified\":\"2017-10-11T14:43:52+00:00\",\"breadcrumb\":{\"@id\":\"https:\/\/www.delpinoingenieros.cl\/index.php\/nosotros\/#breadcrumb\"},\"inLanguage\":\"es-CL\",\"potentialAction\":[{\"@type\":\"ReadAction\",\"target\":[\"https:\/\/www.delpinoingenieros.cl\/index.php\/nosotros\/\"]}]},{\"@type\":\"BreadcrumbList\",\"@id\":\"https:\/\/www.delpinoingenieros.cl\/index.php\/nosotros\/#breadcrumb\",\"itemListElement\":[{\"@type\":\"ListItem\",\"position\":1,\"name\":\"Portada\",\"item\":\"https:\/\/www.delpinoingenieros.cl\/\"},{\"@type\":\"ListItem\",\"position\":2,\"name\":\"Nosotros\"}]},{\"@type\":\"WebSite\",\"@id\":\"https:\/\/www.delpinoingenieros.cl\/#website\",\"url\":\"https:\/\/www.delpinoingenieros.cl\/\",\"name\":\"DelPino Ingenieros\",\"description\":\"\",\"potentialAction\":[{\"@type\":\"SearchAction\",\"target\":{\"@type\":\"EntryPoint\",\"urlTemplate\":\"https:\/\/www.delpinoingenieros.cl\/?s={search_term_string}\"},\"query-input\":\"required name=search_term_string\"}],\"inLanguage\":\"es-CL\"}]}<\/script>\n<!-- \/ Yoast SEO plugin. -->","yoast_head_json":{"title":"Nosotros - DelPino Ingenieros","robots":{"index":"index","follow":"follow","max-snippet":"max-snippet:-1","max-image-preview":"max-image-preview:large","max-video-preview":"max-video-preview:-1"},"canonical":"https:\/\/www.delpinoingenieros.cl\/index.php\/nosotros\/","og_locale":"es_ES","og_type":"article","og_title":"Nosotros - DelPino Ingenieros","og_description":"Asesor\u00edas Integrales Del Pino Ltda. Naci\u00f3 legalmente en el mes de Enero del 2000. Sus primeros trabajos fueron ejecutados a la Ilustre [&hellip;]","og_url":"https:\/\/www.delpinoingenieros.cl\/index.php\/nosotros\/","og_site_name":"DelPino Ingenieros","article_modified_time":"2017-10-11T14:43:52+00:00","twitter_card":"summary_large_image","twitter_misc":{"Est. reading time":"1 minuto"},"schema":{"@context":"https:\/\/schema.org","@graph":[{"@type":"WebPage","@id":"https:\/\/www.delpinoingenieros.cl\/index.php\/nosotros\/","url":"https:\/\/www.delpinoingenieros.cl\/index.php\/nosotros\/","name":"Nosotros - DelPino Ingenieros","isPartOf":{"@id":"https:\/\/www.delpinoingenieros.cl\/#website"},"datePublished":"2017-06-21T14:31:30+00:00","dateModified":"2017-10-11T14:43:52+00:00","breadcrumb":{"@id":"https:\/\/www.delpinoingenieros.cl\/index.php\/nosotros\/#breadcrumb"},"inLanguage":"es-CL","potentialAction":[{"@type":"ReadAction","target":["https:\/\/www.delpinoingenieros.cl\/index.php\/nosotros\/"]}]},{"@type":"BreadcrumbList","@id":"https:\/\/www.delpinoingenieros.cl\/index.php\/nosotros\/#breadcrumb","itemListElement":[{"@type":"ListItem","position":1,"name":"Portada","item":"https:\/\/www.delpinoingenieros.cl\/"},{"@type":"ListItem","position":2,"name":"Nosotros"}]},{"@type":"WebSite","@id":"https:\/\/www.delpinoingenieros.cl\/#website","url":"https:\/\/www.delpinoingenieros.cl\/","name":"DelPino Ingenieros","description":"","potentialAction":[{"@type":"SearchAction","target":{"@type":"EntryPoint","urlTemplate":"https:\/\/www.delpinoingenieros.cl\/?s={search_term_string}"},"query-input":"required name=search_term_string"}],"inLanguage":"es-CL"}]}},"_links":{"self":[{"href":"https:\/\/www.delpinoingenieros.cl\/index.php\/wp-json\/wp\/v2\/pages\/590"}],"collection":[{"href":"https:\/\/www.delpinoingenieros.cl\/index.php\/wp-json\/wp\/v2\/pages"}],"about":[{"href":"https:\/\/www.delpinoingenieros.cl\/index.php\/wp-json\/wp\/v2\/types\/page"}],"author":[{"embeddable":true,"href":"https:\/\/www.delpinoingenieros.cl\/index.php\/wp-json\/wp\/v2\/users\/1"}],"replies":[{"embeddable":true,"href":"https:\/\/www.delpinoingenieros.cl\/index.php\/wp-json\/wp\/v2\/comments?post=590"}],"version-history":[{"count":118,"href":"https:\/\/www.delpinoingenieros.cl\/index.php\/wp-json\/wp\/v2\/pages\/590\/revisions"}],"predecessor-version":[{"id":2849,"href":"https:\/\/www.delpinoingenieros.cl\/index.php\/wp-json\/wp\/v2\/pages\/590\/revisions\/2849"}],"wp:attachment":[{"href":"https:\/\/www.delpinoingenieros.cl\/index.php\/wp-json\/wp\/v2\/media?parent=590"}],"curies":[{"name":"wp","href":"https:\/\/api.w.org\/{rel}","templated":true}]}}