{"id":586,"date":"2017-06-21T13:44:44","date_gmt":"2017-06-21T13:44:44","guid":{"rendered":"http:\/\/www.delpinoingenieros.cl\/?page_id=586"},"modified":"2017-10-11T14:45:17","modified_gmt":"2017-10-11T14:45:17","slug":"586-2","status":"publish","type":"page","link":"https:\/\/www.delpinoingenieros.cl\/index.php\/586-2\/","title":{"rendered":"Servicios"},"content":{"rendered":"<div id=\"pl-586\"  class=\"panel-layout\" ><div id=\"pg-586-0\"  class=\"panel-grid panel-has-style\" ><div class=\"siteorigin-panels-stretch panel-row-style panel-row-style-for-586-0\" style=\"background-image: url(https:\/\/www.delpinoingenieros.cl\/wp-content\/uploads\/2017\/06\/IMG_2079-4.jpg);padding: 72px 0; \" data-stretch-type=\"full\" data-hasbg=\"hasbg\" data-overlay=\"true\" data-overlay-color=\"#000000\" ><div id=\"pgc-586-0-0\"  class=\"panel-grid-cell\" ><div id=\"panel-586-0-0-0\" class=\"so-panel widget widget_text panel-first-child panel-last-child\" data-index=\"0\" ><div style=\"text-align: center;\" data-title-color=\"#81d742\" data-headings-color=\"#ffffff\" class=\"panel-widget-style panel-widget-style-for-586-0-0-0\" ><h3 class=\"widget-title\">Nuestros servicios<\/h3>\t\t\t<div class=\"textwidget\"><p>Del Pino Ingenieros, cuenta con distintas especialidades dentro de la ingenier\u00eda y \u00e1rea t\u00e9cnica que permiten atender a nuestros clientes de acuerdo a las necesidades reales que existan, siendo un apoyo integral en la ejecuci\u00f3n de las labores encomendadas.<\/p>\n<\/div>\n\t\t<\/div><\/div><\/div><\/div><\/div><div id=\"pg-586-1\"  class=\"panel-grid panel-has-style\" ><div class=\"siteorigin-panels-stretch panel-row-style panel-row-style-for-586-1\" style=\"text-align: center;padding: 80px 0; \" data-stretch-type=\"full-stretched\" data-overlay=\"true\" data-overlay-color=\"#000000\" ><div id=\"pgc-586-1-0\"  class=\"panel-grid-cell\" ><div class=\"panel-cell-style panel-cell-style-for-586-1-0\" ><div id=\"panel-586-1-0-0\" class=\"so-panel widget widget_sydney_services_type_a sydney_services_widget panel-first-child panel-last-child\" data-index=\"1\" ><div style=\"text-align: left;\" data-title-color=\"#443f3f\" data-headings-color=\"#443f3f\" class=\"panel-widget-style panel-widget-style-for-586-1-0-0\" >\t\t\t\r\n\t\t\t\t\t\t\t\t\t\t\t\t\t\t\t\t\t\t\t\t\t\t\t\t\t\t\t\t\t<div class=\"service col-md-4\">\r\n\t\t\t\t\t\t\t\t\t\t\t\t\t<div class=\"roll-icon-box\">\r\n\t\t\t\t\t\t\t\t\t\t\t\t\t\t\t\t\t<div class=\"service-thumb\">\r\n\t\t\t\t\t\t\t\t\t\t\t\t\t\t\t\t\t\t\t\t\t<a href=\"http:\/\/www.delpinoingenieros.cl\/index.php\/ingenieria\/\"><img width=\"350\" height=\"121\" src=\"https:\/\/www.delpinoingenieros.cl\/wp-content\/uploads\/2019\/04\/ingenieria001-350x121.jpg\" class=\"attachment-sydney-service-thumb size-sydney-service-thumb wp-post-image\" alt=\"\" decoding=\"async\" loading=\"lazy\" srcset=\"https:\/\/www.delpinoingenieros.cl\/wp-content\/uploads\/2019\/04\/ingenieria001-350x121.jpg 350w, https:\/\/www.delpinoingenieros.cl\/wp-content\/uploads\/2019\/04\/ingenieria001-300x103.jpg 300w, https:\/\/www.delpinoingenieros.cl\/wp-content\/uploads\/2019\/04\/ingenieria001-768x265.jpg 768w, https:\/\/www.delpinoingenieros.cl\/wp-content\/uploads\/2019\/04\/ingenieria001-1024x353.jpg 1024w, https:\/\/www.delpinoingenieros.cl\/wp-content\/uploads\/2019\/04\/ingenieria001-50x17.jpg 50w, https:\/\/www.delpinoingenieros.cl\/wp-content\/uploads\/2019\/04\/ingenieria001-830x286.jpg 830w, https:\/\/www.delpinoingenieros.cl\/wp-content\/uploads\/2019\/04\/ingenieria001-230x79.jpg 230w, https:\/\/www.delpinoingenieros.cl\/wp-content\/uploads\/2019\/04\/ingenieria001-480x166.jpg 480w, https:\/\/www.delpinoingenieros.cl\/wp-content\/uploads\/2019\/04\/ingenieria001.jpg 1279w\" sizes=\"(max-width: 350px) 100vw, 350px\" \/><\/a>\t\t\t\t\t\t\t\t\t\t\t\t\t\t\t\t\t\t\t<\/div>\r\n\t\t\t\t\t\t\t\t\t\t\t\t\t\t\t\t<div class=\"content\">\r\n\t\t\t\t\t\t\t\t\t<h3>\r\n\t\t\t\t\t\t\t\t\t\t\t\t\t\t\t\t\t\t\t\t\t<a href=\"http:\/\/www.delpinoingenieros.cl\/index.php\/ingenieria\/\">Ingenier\u00eda<\/a>\r\n\t\t\t\t\t\t\t\t\t\t\t\t\t\t\t\t\t\t\t<\/h3>\r\n\t\t\t\t\t\t\t\t\t\t\t\t\t\t\t\t\t\t\t<p>Contamos con un equipo de profesionales de alto nivel, lo que nos permite desarrollar diversas&#8230;<\/p>\n\t\t\t\t\t\t\t\t\t\t\t\t\t\t\t\t\t<\/div><!--.info-->\t\r\n\t\t\t\t\t\t\t<\/div>\r\n\t\t\t\t\t\t<\/div>\r\n\t\t\t\t\t\t\t\t\t\t\t\t\t\t\t\t\t\t\t\t\t\t\t\t\t\t\t\t\t<div class=\"service col-md-4\">\r\n\t\t\t\t\t\t\t\t\t\t\t\t\t<div class=\"roll-icon-box\">\r\n\t\t\t\t\t\t\t\t\t\t\t\t\t\t\t\t\t<div class=\"service-thumb\">\r\n\t\t\t\t\t\t\t\t\t\t\t\t\t\t\t\t\t\t\t\t\t<a href=\"http:\/\/www.delpinoingenieros.cl\/index.php\/inspeccion-tecnica-de-obra\/\"><img width=\"350\" height=\"121\" src=\"https:\/\/www.delpinoingenieros.cl\/wp-content\/uploads\/2019\/04\/inspeccion-350x121.jpg\" class=\"attachment-sydney-service-thumb size-sydney-service-thumb wp-post-image\" alt=\"\" decoding=\"async\" loading=\"lazy\" srcset=\"https:\/\/www.delpinoingenieros.cl\/wp-content\/uploads\/2019\/04\/inspeccion-350x121.jpg 350w, https:\/\/www.delpinoingenieros.cl\/wp-content\/uploads\/2019\/04\/inspeccion-300x103.jpg 300w, https:\/\/www.delpinoingenieros.cl\/wp-content\/uploads\/2019\/04\/inspeccion-768x265.jpg 768w, https:\/\/www.delpinoingenieros.cl\/wp-content\/uploads\/2019\/04\/inspeccion-1024x353.jpg 1024w, https:\/\/www.delpinoingenieros.cl\/wp-content\/uploads\/2019\/04\/inspeccion-50x17.jpg 50w, https:\/\/www.delpinoingenieros.cl\/wp-content\/uploads\/2019\/04\/inspeccion-830x286.jpg 830w, https:\/\/www.delpinoingenieros.cl\/wp-content\/uploads\/2019\/04\/inspeccion-230x79.jpg 230w, https:\/\/www.delpinoingenieros.cl\/wp-content\/uploads\/2019\/04\/inspeccion-480x166.jpg 480w, https:\/\/www.delpinoingenieros.cl\/wp-content\/uploads\/2019\/04\/inspeccion.jpg 1279w\" sizes=\"(max-width: 350px) 100vw, 350px\" \/><\/a>\t\t\t\t\t\t\t\t\t\t\t\t\t\t\t\t\t\t\t<\/div>\r\n\t\t\t\t\t\t\t\t\t\t\t\t\t\t\t\t<div class=\"content\">\r\n\t\t\t\t\t\t\t\t\t<h3>\r\n\t\t\t\t\t\t\t\t\t\t\t\t\t\t\t\t\t\t\t\t\t<a href=\"http:\/\/www.delpinoingenieros.cl\/index.php\/inspeccion-tecnica-de-obra\/\">Inspecci\u00f3n T\u00e9cnica de Obra<\/a>\r\n\t\t\t\t\t\t\t\t\t\t\t\t\t\t\t\t\t\t\t<\/h3>\r\n\t\t\t\t\t\t\t\t\t\t\t\t\t\t\t\t\t\t\t<p>Nuestra Inspecci\u00f3n T\u00e9cnica de Obras (ITO) espec\u00edficamente en &#8220;Proyectos de construcci\u00f3n&#8221;&#8230;<\/p>\n\t\t\t\t\t\t\t\t\t\t\t\t\t\t\t\t\t<\/div><!--.info-->\t\r\n\t\t\t\t\t\t\t<\/div>\r\n\t\t\t\t\t\t<\/div>\r\n\t\t\t\t\t\t\t\t\t\t\t\t\t\t\t\t\t\t\t\t\t\t\t\t\t\t\t\t\t<div class=\"service col-md-4\">\r\n\t\t\t\t\t\t\t\t\t\t\t\t\t<div class=\"roll-icon-box\">\r\n\t\t\t\t\t\t\t\t\t\t\t\t\t\t\t\t\t<div class=\"service-thumb\">\r\n\t\t\t\t\t\t\t\t\t\t\t\t\t\t\t\t\t\t\t\t\t<a href=\"http:\/\/www.delpinoingenieros.cl\/index.php\/montaje-estructural\/\"><img width=\"350\" height=\"121\" src=\"https:\/\/www.delpinoingenieros.cl\/wp-content\/uploads\/2019\/04\/montaje-350x121.jpg\" class=\"attachment-sydney-service-thumb size-sydney-service-thumb wp-post-image\" alt=\"\" decoding=\"async\" loading=\"lazy\" srcset=\"https:\/\/www.delpinoingenieros.cl\/wp-content\/uploads\/2019\/04\/montaje-350x121.jpg 350w, https:\/\/www.delpinoingenieros.cl\/wp-content\/uploads\/2019\/04\/montaje-300x103.jpg 300w, https:\/\/www.delpinoingenieros.cl\/wp-content\/uploads\/2019\/04\/montaje-768x265.jpg 768w, https:\/\/www.delpinoingenieros.cl\/wp-content\/uploads\/2019\/04\/montaje-1024x353.jpg 1024w, https:\/\/www.delpinoingenieros.cl\/wp-content\/uploads\/2019\/04\/montaje-50x17.jpg 50w, https:\/\/www.delpinoingenieros.cl\/wp-content\/uploads\/2019\/04\/montaje-830x286.jpg 830w, https:\/\/www.delpinoingenieros.cl\/wp-content\/uploads\/2019\/04\/montaje-230x79.jpg 230w, https:\/\/www.delpinoingenieros.cl\/wp-content\/uploads\/2019\/04\/montaje-480x166.jpg 480w, https:\/\/www.delpinoingenieros.cl\/wp-content\/uploads\/2019\/04\/montaje.jpg 1279w\" sizes=\"(max-width: 350px) 100vw, 350px\" \/><\/a>\t\t\t\t\t\t\t\t\t\t\t\t\t\t\t\t\t\t\t<\/div>\r\n\t\t\t\t\t\t\t\t\t\t\t\t\t\t\t\t<div class=\"content\">\r\n\t\t\t\t\t\t\t\t\t<h3>\r\n\t\t\t\t\t\t\t\t\t\t\t\t\t\t\t\t\t\t\t\t\t<a href=\"http:\/\/www.delpinoingenieros.cl\/index.php\/montaje-estructural\/\">Montaje Estructural<\/a>\r\n\t\t\t\t\t\t\t\t\t\t\t\t\t\t\t\t\t\t\t<\/h3>\r\n\t\t\t\t\t\t\t\t\t\t\t\t\t\t\t\t\t\t\t<p>Proveemos servicios de montaje e instalaci\u00f3n de estructuras met\u00e1licas para las diversas industrias&#8230;<\/p>\n\t\t\t\t\t\t\t\t\t\t\t\t\t\t\t\t\t<\/div><!--.info-->\t\r\n\t\t\t\t\t\t\t<\/div>\r\n\t\t\t\t\t\t<\/div>\r\n\t\t\t\t\t\t\t\t\t\t\t\t\t\t\t\t\t\t\t\t\t\t\t\t\t\t\t\t\t<div class=\"service col-md-4\">\r\n\t\t\t\t\t\t\t\t\t\t\t\t\t<div class=\"roll-icon-box\">\r\n\t\t\t\t\t\t\t\t\t\t\t\t\t\t\t\t\t<div class=\"service-thumb\">\r\n\t\t\t\t\t\t\t\t\t\t\t\t\t\t\t\t\t\t\t\t\t<a href=\"http:\/\/www.delpinoingenieros.cl\/index.php\/construccion\/\"><img width=\"350\" height=\"121\" src=\"https:\/\/www.delpinoingenieros.cl\/wp-content\/uploads\/2019\/04\/construccion-350x121.jpg\" class=\"attachment-sydney-service-thumb size-sydney-service-thumb wp-post-image\" alt=\"\" decoding=\"async\" loading=\"lazy\" srcset=\"https:\/\/www.delpinoingenieros.cl\/wp-content\/uploads\/2019\/04\/construccion-350x121.jpg 350w, https:\/\/www.delpinoingenieros.cl\/wp-content\/uploads\/2019\/04\/construccion-300x103.jpg 300w, https:\/\/www.delpinoingenieros.cl\/wp-content\/uploads\/2019\/04\/construccion-768x265.jpg 768w, https:\/\/www.delpinoingenieros.cl\/wp-content\/uploads\/2019\/04\/construccion-1024x353.jpg 1024w, https:\/\/www.delpinoingenieros.cl\/wp-content\/uploads\/2019\/04\/construccion-50x17.jpg 50w, https:\/\/www.delpinoingenieros.cl\/wp-content\/uploads\/2019\/04\/construccion-830x286.jpg 830w, https:\/\/www.delpinoingenieros.cl\/wp-content\/uploads\/2019\/04\/construccion-230x79.jpg 230w, https:\/\/www.delpinoingenieros.cl\/wp-content\/uploads\/2019\/04\/construccion-480x166.jpg 480w, https:\/\/www.delpinoingenieros.cl\/wp-content\/uploads\/2019\/04\/construccion.jpg 1279w\" sizes=\"(max-width: 350px) 100vw, 350px\" \/><\/a>\t\t\t\t\t\t\t\t\t\t\t\t\t\t\t\t\t\t\t<\/div>\r\n\t\t\t\t\t\t\t\t\t\t\t\t\t\t\t\t<div class=\"content\">\r\n\t\t\t\t\t\t\t\t\t<h3>\r\n\t\t\t\t\t\t\t\t\t\t\t\t\t\t\t\t\t\t\t\t\t<a href=\"http:\/\/www.delpinoingenieros.cl\/index.php\/construccion\/\">Construcci\u00f3n<\/a>\r\n\t\t\t\t\t\t\t\t\t\t\t\t\t\t\t\t\t\t\t<\/h3>\r\n\t\t\t\t\t\t\t\t\t\t\t\t\t\t\t\t\t\t\t<p>Nuestro Servicio de construcci\u00f3n de obras y proyectos acompa\u00f1a el crecimiento de nuestros&#8230;<\/p>\n\t\t\t\t\t\t\t\t\t\t\t\t\t\t\t\t\t<\/div><!--.info-->\t\r\n\t\t\t\t\t\t\t<\/div>\r\n\t\t\t\t\t\t<\/div>\r\n\t\t\t\t\t\t\t\t\t\t\t\t\t\t\t\t\t\t\t\t\t\t\t\t\t\t\t\t\t<div class=\"service col-md-4\">\r\n\t\t\t\t\t\t\t\t\t\t\t\t\t<div class=\"roll-icon-box\">\r\n\t\t\t\t\t\t\t\t\t\t\t\t\t\t\t\t\t<div class=\"service-thumb\">\r\n\t\t\t\t\t\t\t\t\t\t\t\t\t\t\t\t\t\t\t\t\t<a href=\"http:\/\/www.delpinoingenieros.cl\/index.php\/3130-2\/\"><img width=\"350\" height=\"121\" src=\"https:\/\/www.delpinoingenieros.cl\/wp-content\/uploads\/2019\/04\/geomensura-350x121.jpg\" class=\"attachment-sydney-service-thumb size-sydney-service-thumb wp-post-image\" alt=\"\" decoding=\"async\" loading=\"lazy\" srcset=\"https:\/\/www.delpinoingenieros.cl\/wp-content\/uploads\/2019\/04\/geomensura-350x121.jpg 350w, https:\/\/www.delpinoingenieros.cl\/wp-content\/uploads\/2019\/04\/geomensura-300x103.jpg 300w, https:\/\/www.delpinoingenieros.cl\/wp-content\/uploads\/2019\/04\/geomensura-768x265.jpg 768w, https:\/\/www.delpinoingenieros.cl\/wp-content\/uploads\/2019\/04\/geomensura-1024x353.jpg 1024w, https:\/\/www.delpinoingenieros.cl\/wp-content\/uploads\/2019\/04\/geomensura-50x17.jpg 50w, https:\/\/www.delpinoingenieros.cl\/wp-content\/uploads\/2019\/04\/geomensura-830x286.jpg 830w, https:\/\/www.delpinoingenieros.cl\/wp-content\/uploads\/2019\/04\/geomensura-230x79.jpg 230w, https:\/\/www.delpinoingenieros.cl\/wp-content\/uploads\/2019\/04\/geomensura-480x166.jpg 480w, https:\/\/www.delpinoingenieros.cl\/wp-content\/uploads\/2019\/04\/geomensura.jpg 1279w\" sizes=\"(max-width: 350px) 100vw, 350px\" \/><\/a>\t\t\t\t\t\t\t\t\t\t\t\t\t\t\t\t\t\t\t<\/div>\r\n\t\t\t\t\t\t\t\t\t\t\t\t\t\t\t\t<div class=\"content\">\r\n\t\t\t\t\t\t\t\t\t<h3>\r\n\t\t\t\t\t\t\t\t\t\t\t\t\t\t\t\t\t\t\t\t\t<a href=\"http:\/\/www.delpinoingenieros.cl\/index.php\/3130-2\/\">Geomensura<\/a>\r\n\t\t\t\t\t\t\t\t\t\t\t\t\t\t\t\t\t\t\t<\/h3>\r\n\t\t\t\t\t\t\t\t\t\t\t\t\t\t\t\t\t\t\t<p>Nos dedicamos a proyectos de ingenier\u00eda, obras civiles y a particulares, prestando &#8230;<\/p>\n\t\t\t\t\t\t\t\t\t\t\t\t\t\t\t\t\t<\/div><!--.info-->\t\r\n\t\t\t\t\t\t\t<\/div>\r\n\t\t\t\t\t\t<\/div>\r\n\t\t\t\t\t\t\t\t\t\t\t\t\t\t\t\t\t\t\t\t\t\t\t\t\t\t\t\t\t<div class=\"service col-md-4\">\r\n\t\t\t\t\t\t\t\t\t\t\t\t\t<div class=\"roll-icon-box\">\r\n\t\t\t\t\t\t\t\t\t\t\t\t\t\t\t\t\t<div class=\"service-thumb\">\r\n\t\t\t\t\t\t\t\t\t\t\t\t\t\t\t\t\t\t\t\t\t<a href=\"http:\/\/www.delpinoingenieros.cl\/index.php\/arquitectura\/\"><img width=\"350\" height=\"120\" src=\"https:\/\/www.delpinoingenieros.cl\/wp-content\/uploads\/2017\/10\/Picture3-350x120.jpg\" class=\"attachment-sydney-service-thumb size-sydney-service-thumb wp-post-image\" alt=\"\" decoding=\"async\" loading=\"lazy\" srcset=\"https:\/\/www.delpinoingenieros.cl\/wp-content\/uploads\/2017\/10\/Picture3-350x120.jpg 350w, https:\/\/www.delpinoingenieros.cl\/wp-content\/uploads\/2017\/10\/Picture3-300x103.jpg 300w, https:\/\/www.delpinoingenieros.cl\/wp-content\/uploads\/2017\/10\/Picture3-768x264.jpg 768w, https:\/\/www.delpinoingenieros.cl\/wp-content\/uploads\/2017\/10\/Picture3-1024x352.jpg 1024w, https:\/\/www.delpinoingenieros.cl\/wp-content\/uploads\/2017\/10\/Picture3-830x285.jpg 830w, https:\/\/www.delpinoingenieros.cl\/wp-content\/uploads\/2017\/10\/Picture3-230x79.jpg 230w, https:\/\/www.delpinoingenieros.cl\/wp-content\/uploads\/2017\/10\/Picture3-480x165.jpg 480w, https:\/\/www.delpinoingenieros.cl\/wp-content\/uploads\/2017\/10\/Picture3.jpg 1280w\" sizes=\"(max-width: 350px) 100vw, 350px\" \/><\/a>\t\t\t\t\t\t\t\t\t\t\t\t\t\t\t\t\t\t\t<\/div>\r\n\t\t\t\t\t\t\t\t\t\t\t\t\t\t\t\t<div class=\"content\">\r\n\t\t\t\t\t\t\t\t\t<h3>\r\n\t\t\t\t\t\t\t\t\t\t\t\t\t\t\t\t\t\t\t\t\t<a href=\"http:\/\/www.delpinoingenieros.cl\/index.php\/arquitectura\/\">Arquitectura<\/a>\r\n\t\t\t\t\t\t\t\t\t\t\t\t\t\t\t\t\t\t\t<\/h3>\r\n\t\t\t\t\t\t\t\t\t\t\t\t\t\t\t\t\t\t\t<p>Nuestra empresa cuenta con una vasta experiencia en el plano arquitect\u00f3nico industrial&#8230;<\/p>\n\t\t\t\t\t\t\t\t\t\t\t\t\t\t\t\t\t<\/div><!--.info-->\t\r\n\t\t\t\t\t\t\t<\/div>\r\n\t\t\t\t\t\t<\/div>\r\n\t\t\t\t\t\r\n\t\t\t\t\t\t\t\t\r\n\t<\/div><\/div><\/div><\/div><\/div><\/div><\/div>","protected":false},"excerpt":{"rendered":"<p>Nuestros servicios Del Pino Ingenieros, cuenta con distintas especialidades dentro de la ingenier\u00eda y \u00e1rea t\u00e9cnica que permiten atender a nuestros clientes [&hellip;]<\/p>\n","protected":false},"author":1,"featured_media":0,"parent":0,"menu_order":0,"comment_status":"closed","ping_status":"closed","template":"page-templates\/page_front-page.php","meta":[],"wppr_data":{"cwp_meta_box_check":"No"},"yoast_head":"<!-- This site is optimized with the Yoast SEO plugin v20.5 - https:\/\/yoast.com\/wordpress\/plugins\/seo\/ -->\n<title>Servicios - DelPino Ingenieros<\/title>\n<meta name=\"robots\" content=\"index, follow, max-snippet:-1, max-image-preview:large, max-video-preview:-1\" \/>\n<link rel=\"canonical\" href=\"https:\/\/www.delpinoingenieros.cl\/index.php\/586-2\/\" \/>\n<meta property=\"og:locale\" content=\"es_ES\" \/>\n<meta property=\"og:type\" content=\"article\" \/>\n<meta property=\"og:title\" content=\"Servicios - DelPino Ingenieros\" \/>\n<meta property=\"og:description\" content=\"Nuestros servicios Del Pino Ingenieros, cuenta con distintas especialidades dentro de la ingenier\u00eda y \u00e1rea t\u00e9cnica que permiten atender a nuestros clientes [&hellip;]\" \/>\n<meta property=\"og:url\" content=\"https:\/\/www.delpinoingenieros.cl\/index.php\/586-2\/\" \/>\n<meta property=\"og:site_name\" content=\"DelPino Ingenieros\" \/>\n<meta property=\"article:modified_time\" content=\"2017-10-11T14:45:17+00:00\" \/>\n<meta property=\"og:image\" content=\"http:\/\/www.delpinoingenieros.cl\/wp-content\/uploads\/2017\/10\/Picture3-350x120.jpg\" \/>\n<meta name=\"twitter:card\" content=\"summary_large_image\" \/>\n<meta name=\"twitter:label1\" content=\"Est. reading time\" \/>\n\t<meta name=\"twitter:data1\" content=\"2 minutos\" \/>\n<script type=\"application\/ld+json\" class=\"yoast-schema-graph\">{\"@context\":\"https:\/\/schema.org\",\"@graph\":[{\"@type\":\"WebPage\",\"@id\":\"https:\/\/www.delpinoingenieros.cl\/index.php\/586-2\/\",\"url\":\"https:\/\/www.delpinoingenieros.cl\/index.php\/586-2\/\",\"name\":\"Servicios - DelPino Ingenieros\",\"isPartOf\":{\"@id\":\"https:\/\/www.delpinoingenieros.cl\/#website\"},\"datePublished\":\"2017-06-21T13:44:44+00:00\",\"dateModified\":\"2017-10-11T14:45:17+00:00\",\"breadcrumb\":{\"@id\":\"https:\/\/www.delpinoingenieros.cl\/index.php\/586-2\/#breadcrumb\"},\"inLanguage\":\"es-CL\",\"potentialAction\":[{\"@type\":\"ReadAction\",\"target\":[\"https:\/\/www.delpinoingenieros.cl\/index.php\/586-2\/\"]}]},{\"@type\":\"BreadcrumbList\",\"@id\":\"https:\/\/www.delpinoingenieros.cl\/index.php\/586-2\/#breadcrumb\",\"itemListElement\":[{\"@type\":\"ListItem\",\"position\":1,\"name\":\"Portada\",\"item\":\"https:\/\/www.delpinoingenieros.cl\/\"},{\"@type\":\"ListItem\",\"position\":2,\"name\":\"Servicios\"}]},{\"@type\":\"WebSite\",\"@id\":\"https:\/\/www.delpinoingenieros.cl\/#website\",\"url\":\"https:\/\/www.delpinoingenieros.cl\/\",\"name\":\"DelPino Ingenieros\",\"description\":\"\",\"potentialAction\":[{\"@type\":\"SearchAction\",\"target\":{\"@type\":\"EntryPoint\",\"urlTemplate\":\"https:\/\/www.delpinoingenieros.cl\/?s={search_term_string}\"},\"query-input\":\"required name=search_term_string\"}],\"inLanguage\":\"es-CL\"}]}<\/script>\n<!-- \/ Yoast SEO plugin. -->","yoast_head_json":{"title":"Servicios - DelPino Ingenieros","robots":{"index":"index","follow":"follow","max-snippet":"max-snippet:-1","max-image-preview":"max-image-preview:large","max-video-preview":"max-video-preview:-1"},"canonical":"https:\/\/www.delpinoingenieros.cl\/index.php\/586-2\/","og_locale":"es_ES","og_type":"article","og_title":"Servicios - DelPino Ingenieros","og_description":"Nuestros servicios Del Pino Ingenieros, cuenta con distintas especialidades dentro de la ingenier\u00eda y \u00e1rea t\u00e9cnica que permiten atender a nuestros clientes [&hellip;]","og_url":"https:\/\/www.delpinoingenieros.cl\/index.php\/586-2\/","og_site_name":"DelPino Ingenieros","article_modified_time":"2017-10-11T14:45:17+00:00","og_image":[{"url":"http:\/\/www.delpinoingenieros.cl\/wp-content\/uploads\/2017\/10\/Picture3-350x120.jpg"}],"twitter_card":"summary_large_image","twitter_misc":{"Est. reading time":"2 minutos"},"schema":{"@context":"https:\/\/schema.org","@graph":[{"@type":"WebPage","@id":"https:\/\/www.delpinoingenieros.cl\/index.php\/586-2\/","url":"https:\/\/www.delpinoingenieros.cl\/index.php\/586-2\/","name":"Servicios - DelPino Ingenieros","isPartOf":{"@id":"https:\/\/www.delpinoingenieros.cl\/#website"},"datePublished":"2017-06-21T13:44:44+00:00","dateModified":"2017-10-11T14:45:17+00:00","breadcrumb":{"@id":"https:\/\/www.delpinoingenieros.cl\/index.php\/586-2\/#breadcrumb"},"inLanguage":"es-CL","potentialAction":[{"@type":"ReadAction","target":["https:\/\/www.delpinoingenieros.cl\/index.php\/586-2\/"]}]},{"@type":"BreadcrumbList","@id":"https:\/\/www.delpinoingenieros.cl\/index.php\/586-2\/#breadcrumb","itemListElement":[{"@type":"ListItem","position":1,"name":"Portada","item":"https:\/\/www.delpinoingenieros.cl\/"},{"@type":"ListItem","position":2,"name":"Servicios"}]},{"@type":"WebSite","@id":"https:\/\/www.delpinoingenieros.cl\/#website","url":"https:\/\/www.delpinoingenieros.cl\/","name":"DelPino Ingenieros","description":"","potentialAction":[{"@type":"SearchAction","target":{"@type":"EntryPoint","urlTemplate":"https:\/\/www.delpinoingenieros.cl\/?s={search_term_string}"},"query-input":"required name=search_term_string"}],"inLanguage":"es-CL"}]}},"_links":{"self":[{"href":"https:\/\/www.delpinoingenieros.cl\/index.php\/wp-json\/wp\/v2\/pages\/586"}],"collection":[{"href":"https:\/\/www.delpinoingenieros.cl\/index.php\/wp-json\/wp\/v2\/pages"}],"about":[{"href":"https:\/\/www.delpinoingenieros.cl\/index.php\/wp-json\/wp\/v2\/types\/page"}],"author":[{"embeddable":true,"href":"https:\/\/www.delpinoingenieros.cl\/index.php\/wp-json\/wp\/v2\/users\/1"}],"replies":[{"embeddable":true,"href":"https:\/\/www.delpinoingenieros.cl\/index.php\/wp-json\/wp\/v2\/comments?post=586"}],"version-history":[{"count":95,"href":"https:\/\/www.delpinoingenieros.cl\/index.php\/wp-json\/wp\/v2\/pages\/586\/revisions"}],"predecessor-version":[{"id":2853,"href":"https:\/\/www.delpinoingenieros.cl\/index.php\/wp-json\/wp\/v2\/pages\/586\/revisions\/2853"}],"wp:attachment":[{"href":"https:\/\/www.delpinoingenieros.cl\/index.php\/wp-json\/wp\/v2\/media?parent=586"}],"curies":[{"name":"wp","href":"https:\/\/api.w.org\/{rel}","templated":true}]}}