{"id":3130,"date":"2019-05-17T04:15:47","date_gmt":"2019-05-17T04:15:47","guid":{"rendered":"http:\/\/www.delpinoingenieros.cl\/?page_id=3130"},"modified":"2019-05-27T04:02:00","modified_gmt":"2019-05-27T04:02:00","slug":"3130-2","status":"publish","type":"page","link":"https:\/\/www.delpinoingenieros.cl\/index.php\/3130-2\/","title":{"rendered":"Geomensura"},"content":{"rendered":"<div id=\"pl-3130\"  class=\"panel-layout\" ><div id=\"pg-3130-0\"  class=\"panel-grid panel-has-style\" ><div class=\"siteorigin-panels-stretch panel-row-style panel-row-style-for-3130-0\" style=\"background-image: url(https:\/\/www.delpinoingenieros.cl\/wp-content\/uploads\/2019\/04\/geomensura.jpg);padding: 100px 0; \" data-stretch-type=\"full\" data-hasbg=\"hasbg\" data-overlay=\"true\" data-overlay-color=\"#000000\" ><div id=\"pgc-3130-0-0\"  class=\"panel-grid-cell\" ><div id=\"panel-3130-0-0-0\" class=\"so-panel widget widget_text panel-first-child panel-last-child\" data-index=\"0\" ><div style=\"text-align: left;\" data-title-color=\"#81d742\" data-headings-color=\"#443f3f\" class=\"panel-widget-style panel-widget-style-for-3130-0-0-0\" ><h3 class=\"widget-title\">Geomensura<\/h3>\t\t\t<div class=\"textwidget\"><\/div>\n\t\t<\/div><\/div><\/div><\/div><\/div><div id=\"pg-3130-1\"  class=\"panel-grid panel-has-style\" ><div class=\"siteorigin-panels-stretch panel-row-style panel-row-style-for-3130-1\" style=\"padding: 35px 0; \" data-stretch-type=\"full\" data-overlay=\"true\" data-overlay-color=\"#000000\" ><div id=\"pgc-3130-1-0\"  class=\"panel-grid-cell\" ><div id=\"panel-3130-1-0-0\" class=\"so-panel widget widget_text panel-first-child panel-last-child\" data-index=\"1\" ><div style=\"text-align: left;\" data-title-color=\"#443f3f\" data-headings-color=\"#443f3f\" class=\"panel-widget-style panel-widget-style-for-3130-1-0-0\" >\t\t\t<div class=\"textwidget\"><p>Nuestra Empresa Del Pino Ingenieros cuenta con los Servicios de Geomensura \u00a0para las \u00e1reas de la Miner\u00eda, Industria, Construcci\u00f3n, incorporando tecnolog\u00eda de vanguardia, de \u00a0UAS (sistemas a\u00e9reos no tripulados) que permite realizar mediciones a grandes extensiones de terreno y zonas inaccesibles o de dif\u00edcil acceso sin exponer en riesgo a los trabajadores, \u00a0adem\u00e1s contamos \u00a0con distintas capacidades de mediciones para grandes \u00a0extensiones y\/o para tomas de mediciones milim\u00e9tricas como Esc\u00e1ner Estructural 3D.<\/p>\n<\/div>\n\t\t<\/div><\/div><\/div><\/div><\/div><div id=\"pg-3130-2\"  class=\"panel-grid panel-has-style\" ><div style=\"padding: 0px 0; \" data-overlay=\"true\" data-overlay-color=\"#000000\" class=\"panel-row-style panel-row-style-for-3130-2\" ><div id=\"pgc-3130-2-0\"  class=\"panel-grid-cell\" ><div id=\"panel-3130-2-0-0\" class=\"so-panel widget widget_text panel-first-child panel-last-child\" data-index=\"2\" ><div style=\"text-align: left;\" data-title-color=\"#443f3f\" data-headings-color=\"#443f3f\" class=\"panel-widget-style panel-widget-style-for-3130-2-0-0\" >\t\t\t<div class=\"textwidget\"><style>#jtg-3301 .modula-item .jtg-social a, .lightbox-socials.jtg-social a{ color: #ffffff }#jtg-3301 .modula-item .jtg-social svg, .lightbox-socials.jtg-social svg { height: 16px; width: 16px }#jtg-3301 .modula-item .jtg-social a:not(:last-child), .lightbox-socials.jtg-social a:not(:last-child) { margin-right: 10px }#jtg-3301 .modula-item .figc {color:#ffffff;}#jtg-3301 .modula-item .figc .jtg-title {  font-size: 25px; }#jtg-3301 .modula-item .modula-item-content { transform: scale(1) }#jtg-3301 { width:100%;}#jtg-3301 .modula-items{height:800px;}@media screen and (max-width: 992px) {#jtg-3301 .modula-items{height:800px;}}@media screen and (max-width: 768px) {#jtg-3301 .modula-items{height:800px;}}#jtg-3301 .modula-items .figc p.description { font-size:14px; }#jtg-3301 .modula-items .figc p.description { color:#ffffff;}#jtg-3301.modula-gallery .modula-item > a, #jtg-3301.modula-gallery .modula-item, #jtg-3301.modula-gallery .modula-item-content > a:not(.modula-no-follow) { cursor:magnifying-glass; } #jtg-3301.modula-gallery .modula-item-content .modula-no-follow { cursor: default; } @media screen and (max-width:480px){#jtg-3301 .modula-item .figc .jtg-title {  font-size: 12px; }#jtg-3301 .modula-items .figc p.description { color:#ffffff;font-size:10px; }}<\/style>\n<!-- Gallery Container -->\n<div  id=\"jtg-3301\" class=\"modula modula-gallery modula-creative-gallery\" data-config=\"{&quot;height&quot;:800,&quot;tabletHeight&quot;:800,&quot;mobileHeight&quot;:800,&quot;desktopHeight&quot;:800,&quot;enableTwitter&quot;:true,&quot;enableWhatsapp&quot;:false,&quot;enableFacebook&quot;:true,&quot;enablePinterest&quot;:true,&quot;enableLinkedin&quot;:true,&quot;enableEmail&quot;:false,&quot;randomFactor&quot;:0.5,&quot;type&quot;:&quot;creative-gallery&quot;,&quot;columns&quot;:12,&quot;gutter&quot;:10,&quot;mobileGutter&quot;:10,&quot;tabletGutter&quot;:10,&quot;desktopGutter&quot;:10,&quot;enableResponsive&quot;:&quot;0&quot;,&quot;tabletColumns&quot;:&quot;2&quot;,&quot;mobileColumns&quot;:&quot;1&quot;,&quot;lazyLoad&quot;:&quot;0&quot;,&quot;lightboxOpts&quot;:{&quot;loop&quot;:false,&quot;arrows&quot;:true,&quot;toolbar&quot;:true,&quot;keyboard&quot;:false,&quot;wheel&quot;:false,&quot;buttons&quot;:[&quot;close&quot;],&quot;hash&quot;:false,&quot;lang&quot;:&quot;en&quot;,&quot;touch&quot;:false,&quot;protect&quot;:false,&quot;i18n&quot;:{&quot;en&quot;:{&quot;CLOSE&quot;:&quot;Close&quot;,&quot;NEXT&quot;:&quot;Next&quot;,&quot;PREV&quot;:&quot;Previous&quot;,&quot;Error&quot;:&quot;The requested content cannot be loaded. Please try again later.&quot;,&quot;PLAY_START&quot;:&quot;Start slideshow&quot;,&quot;PLAY_STOP&quot;:&quot;Pause slideshow&quot;,&quot;FULL_SCREEN&quot;:&quot;Full screen&quot;,&quot;THUMBS&quot;:&quot;Thumbnails&quot;,&quot;DOWNLOAD&quot;:&quot;Download&quot;,&quot;SHARE&quot;:&quot;Share&quot;,&quot;ZOOM&quot;:&quot;Zoom&quot;}},&quot;clickSlide&quot;:false,&quot;clickOutside&quot;:false,&quot;dblclickContent&quot;:false,&quot;dblclickSlide&quot;:false,&quot;dblclickOutside&quot;:false,&quot;clickContent&quot;:false,&quot;baseTpl&quot;:&quot;&lt;div class=\\&quot;modula-fancybox-container modula-lightbox-jtg-3301\\&quot; role=\\&quot;dialog\\&quot; tabindex=\\&quot;-1\\&quot;&gt;&lt;div class=\\&quot;modula-fancybox-bg\\&quot;&gt;&lt;\\\/div&gt;&lt;div class=\\&quot;modula-fancybox-inner\\&quot;&gt;&lt;div class=\\&quot;modula-fancybox-infobar\\&quot;&gt;&lt;span data-fancybox-index&gt;&lt;\\\/span&gt;&nbsp;\\\/&nbsp;&lt;span data-fancybox-count&gt;&lt;\\\/span&gt;&lt;\\\/div&gt;&lt;div class=\\&quot;modula-fancybox-toolbar\\&quot;&gt;{{buttons}}&lt;\\\/div&gt;&lt;div class=\\&quot;modula-fancybox-navigation\\&quot;&gt;{{arrows}}&lt;\\\/div&gt;&lt;div class=\\&quot;modula-fancybox-stage\\&quot;&gt;&lt;\\\/div&gt;&lt;div class=\\&quot;modula-fancybox-caption\\&quot;&gt;&lt;div class=\\&quot;modula-fancybox-caption__body\\&quot;&gt;&lt;\\\/div&gt;&lt;\\\/div&gt;&lt;\\\/div&gt;&lt;\\\/div&gt;&quot;},&quot;inView&quot;:false,&quot;email_subject&quot;:&quot;Check out this awesome image !!&quot;,&quot;email_message&quot;:&quot;Here is the link to the image : %%image_link%% and this is the link to the gallery : %%gallery_link%% &quot;,&quot;lightbox&quot;:&quot;fancybox&quot;}\">\n\n\t\n\t<!-- Items Container -->\n\t<div  class=\"modula-items\">\n\t\t<div class=\"modula-item effect-pufrobo\" >\n\t<div class=\"modula-item-overlay\"><\/div>\n\n\t<div class=\"modula-item-content\">\n\n\t\t\t\t\n\t\t\t\t\t<a data-image-id=\"3311\" rel=\"jtg-3301\" data-caption=\"\" aria-label=\"Open image in lightbox\" class=\"tile-inner modula-item-link\"><\/a>\n\t\t\n\t\t<img class=\"pic wp-image-3311\"  data-valign=\"middle\" data-halign=\"center\" alt=\"\" data-full=\"https:\/\/www.delpinoingenieros.cl\/wp-content\/uploads\/2019\/05\/geom01.jpg\" title=\"\" width=\"300\" height=\"200\" src=\"https:\/\/www.delpinoingenieros.cl\/wp-content\/uploads\/2019\/05\/geom01-300x200.jpg\" data-src=\"https:\/\/www.delpinoingenieros.cl\/wp-content\/uploads\/2019\/05\/geom01-300x200.jpg\" data-caption=\"\"srcset=\"https:\/\/www.delpinoingenieros.cl\/wp-content\/uploads\/2019\/05\/geom01-300x200.jpg 300w, https:\/\/www.delpinoingenieros.cl\/wp-content\/uploads\/2019\/05\/geom01-50x33.jpg 50w, https:\/\/www.delpinoingenieros.cl\/wp-content\/uploads\/2019\/05\/geom01-230x153.jpg 230w, https:\/\/www.delpinoingenieros.cl\/wp-content\/uploads\/2019\/05\/geom01-350x233.jpg 350w, https:\/\/www.delpinoingenieros.cl\/wp-content\/uploads\/2019\/05\/geom01-480x320.jpg 480w, https:\/\/www.delpinoingenieros.cl\/wp-content\/uploads\/2019\/05\/geom01-272x182.jpg 272w, https:\/\/www.delpinoingenieros.cl\/wp-content\/uploads\/2019\/05\/geom01.jpg 640w\" sizes=\"(max-width: 300px) 100vw, 300px\"\" \/>\n\t\t<div class=\"figc no-description\">\n\t\t\t<div class=\"figc-inner\">\n\t\t\t\t\t\t\t\t\t<div class='jtg-title'>geom01<\/div>\n\t\t\t\t\t\t\t\t\t\t\t\t\t\t\t<\/div>\n\t\t<\/div>\n\n\t<\/div>\n\n<\/div><div class=\"modula-item effect-pufrobo\" >\n\t<div class=\"modula-item-overlay\"><\/div>\n\n\t<div class=\"modula-item-content\">\n\n\t\t\t\t\n\t\t\t\t\t<a data-image-id=\"3313\" rel=\"jtg-3301\" data-caption=\"\" aria-label=\"Open image in lightbox\" class=\"tile-inner modula-item-link\"><\/a>\n\t\t\n\t\t<img class=\"pic wp-image-3313\"  data-valign=\"middle\" data-halign=\"center\" alt=\"\" data-full=\"https:\/\/www.delpinoingenieros.cl\/wp-content\/uploads\/2019\/05\/geom04.jpg\" title=\"\" width=\"300\" height=\"200\" src=\"https:\/\/www.delpinoingenieros.cl\/wp-content\/uploads\/2019\/05\/geom04-300x200.jpg\" data-src=\"https:\/\/www.delpinoingenieros.cl\/wp-content\/uploads\/2019\/05\/geom04-300x200.jpg\" data-caption=\"\"srcset=\"https:\/\/www.delpinoingenieros.cl\/wp-content\/uploads\/2019\/05\/geom04-300x200.jpg 300w, https:\/\/www.delpinoingenieros.cl\/wp-content\/uploads\/2019\/05\/geom04-50x33.jpg 50w, https:\/\/www.delpinoingenieros.cl\/wp-content\/uploads\/2019\/05\/geom04-230x153.jpg 230w, https:\/\/www.delpinoingenieros.cl\/wp-content\/uploads\/2019\/05\/geom04-350x233.jpg 350w, https:\/\/www.delpinoingenieros.cl\/wp-content\/uploads\/2019\/05\/geom04-480x320.jpg 480w, https:\/\/www.delpinoingenieros.cl\/wp-content\/uploads\/2019\/05\/geom04-272x182.jpg 272w, https:\/\/www.delpinoingenieros.cl\/wp-content\/uploads\/2019\/05\/geom04.jpg 640w\" sizes=\"(max-width: 300px) 100vw, 300px\"\" \/>\n\t\t<div class=\"figc no-description\">\n\t\t\t<div class=\"figc-inner\">\n\t\t\t\t\t\t\t\t\t<div class='jtg-title'>geom04<\/div>\n\t\t\t\t\t\t\t\t\t\t\t\t\t\t\t<\/div>\n\t\t<\/div>\n\n\t<\/div>\n\n<\/div><div class=\"modula-item effect-pufrobo\" >\n\t<div class=\"modula-item-overlay\"><\/div>\n\n\t<div class=\"modula-item-content\">\n\n\t\t\t\t\n\t\t\t\t\t<a data-image-id=\"3314\" rel=\"jtg-3301\" data-caption=\"\" aria-label=\"Open image in lightbox\" class=\"tile-inner modula-item-link\"><\/a>\n\t\t\n\t\t<img class=\"pic wp-image-3314\"  data-valign=\"middle\" data-halign=\"center\" alt=\"\" data-full=\"https:\/\/www.delpinoingenieros.cl\/wp-content\/uploads\/2019\/05\/geom05.jpg\" title=\"\" width=\"300\" height=\"200\" src=\"https:\/\/www.delpinoingenieros.cl\/wp-content\/uploads\/2019\/05\/geom05-300x200.jpg\" data-src=\"https:\/\/www.delpinoingenieros.cl\/wp-content\/uploads\/2019\/05\/geom05-300x200.jpg\" data-caption=\"\"srcset=\"https:\/\/www.delpinoingenieros.cl\/wp-content\/uploads\/2019\/05\/geom05-300x200.jpg 300w, https:\/\/www.delpinoingenieros.cl\/wp-content\/uploads\/2019\/05\/geom05-50x33.jpg 50w, https:\/\/www.delpinoingenieros.cl\/wp-content\/uploads\/2019\/05\/geom05-230x153.jpg 230w, https:\/\/www.delpinoingenieros.cl\/wp-content\/uploads\/2019\/05\/geom05-350x233.jpg 350w, https:\/\/www.delpinoingenieros.cl\/wp-content\/uploads\/2019\/05\/geom05-480x320.jpg 480w, https:\/\/www.delpinoingenieros.cl\/wp-content\/uploads\/2019\/05\/geom05-272x182.jpg 272w, https:\/\/www.delpinoingenieros.cl\/wp-content\/uploads\/2019\/05\/geom05.jpg 640w\" sizes=\"(max-width: 300px) 100vw, 300px\"\" \/>\n\t\t<div class=\"figc no-description\">\n\t\t\t<div class=\"figc-inner\">\n\t\t\t\t\t\t\t\t\t<div class='jtg-title'>geom05<\/div>\n\t\t\t\t\t\t\t\t\t\t\t\t\t\t\t<\/div>\n\t\t<\/div>\n\n\t<\/div>\n\n<\/div><div class=\"modula-item effect-pufrobo\" >\n\t<div class=\"modula-item-overlay\"><\/div>\n\n\t<div class=\"modula-item-content\">\n\n\t\t\t\t\n\t\t\t\t\t<a data-image-id=\"3243\" rel=\"jtg-3301\" data-caption=\"\" aria-label=\"Open image in lightbox\" class=\"tile-inner modula-item-link\"><\/a>\n\t\t\n\t\t<img class=\"pic wp-image-3243\"  data-valign=\"middle\" data-halign=\"center\" alt=\"\" data-full=\"https:\/\/www.delpinoingenieros.cl\/wp-content\/uploads\/2019\/05\/inge05.jpg\" title=\"\" width=\"300\" height=\"200\" src=\"https:\/\/www.delpinoingenieros.cl\/wp-content\/uploads\/2019\/05\/inge05-300x200.jpg\" data-src=\"https:\/\/www.delpinoingenieros.cl\/wp-content\/uploads\/2019\/05\/inge05-300x200.jpg\" data-caption=\"\"srcset=\"https:\/\/www.delpinoingenieros.cl\/wp-content\/uploads\/2019\/05\/inge05-300x200.jpg 300w, https:\/\/www.delpinoingenieros.cl\/wp-content\/uploads\/2019\/05\/inge05-50x33.jpg 50w, https:\/\/www.delpinoingenieros.cl\/wp-content\/uploads\/2019\/05\/inge05-230x153.jpg 230w, https:\/\/www.delpinoingenieros.cl\/wp-content\/uploads\/2019\/05\/inge05-350x233.jpg 350w, https:\/\/www.delpinoingenieros.cl\/wp-content\/uploads\/2019\/05\/inge05-480x320.jpg 480w, https:\/\/www.delpinoingenieros.cl\/wp-content\/uploads\/2019\/05\/inge05-272x182.jpg 272w, https:\/\/www.delpinoingenieros.cl\/wp-content\/uploads\/2019\/05\/inge05.jpg 640w\" sizes=\"(max-width: 300px) 100vw, 300px\"\" \/>\n\t\t<div class=\"figc no-description\">\n\t\t\t<div class=\"figc-inner\">\n\t\t\t\t\t\t\t\t\t<div class='jtg-title'>inge05<\/div>\n\t\t\t\t\t\t\t\t\t\t\t\t\t\t\t<\/div>\n\t\t<\/div>\n\n\t<\/div>\n\n<\/div><div class=\"modula-item effect-pufrobo\" >\n\t<div class=\"modula-item-overlay\"><\/div>\n\n\t<div class=\"modula-item-content\">\n\n\t\t\t\t\n\t\t\t\t\t<a data-image-id=\"3242\" rel=\"jtg-3301\" data-caption=\"\" aria-label=\"Open image in lightbox\" class=\"tile-inner modula-item-link\"><\/a>\n\t\t\n\t\t<img class=\"pic wp-image-3242\"  data-valign=\"middle\" data-halign=\"center\" alt=\"\" data-full=\"https:\/\/www.delpinoingenieros.cl\/wp-content\/uploads\/2019\/05\/inge04.jpg\" title=\"\" width=\"300\" height=\"200\" src=\"https:\/\/www.delpinoingenieros.cl\/wp-content\/uploads\/2019\/05\/inge04-300x200.jpg\" data-src=\"https:\/\/www.delpinoingenieros.cl\/wp-content\/uploads\/2019\/05\/inge04-300x200.jpg\" data-caption=\"\"srcset=\"https:\/\/www.delpinoingenieros.cl\/wp-content\/uploads\/2019\/05\/inge04-300x200.jpg 300w, https:\/\/www.delpinoingenieros.cl\/wp-content\/uploads\/2019\/05\/inge04-50x33.jpg 50w, https:\/\/www.delpinoingenieros.cl\/wp-content\/uploads\/2019\/05\/inge04-230x153.jpg 230w, https:\/\/www.delpinoingenieros.cl\/wp-content\/uploads\/2019\/05\/inge04-350x233.jpg 350w, https:\/\/www.delpinoingenieros.cl\/wp-content\/uploads\/2019\/05\/inge04-480x320.jpg 480w, https:\/\/www.delpinoingenieros.cl\/wp-content\/uploads\/2019\/05\/inge04-272x182.jpg 272w, https:\/\/www.delpinoingenieros.cl\/wp-content\/uploads\/2019\/05\/inge04.jpg 640w\" sizes=\"(max-width: 300px) 100vw, 300px\"\" \/>\n\t\t<div class=\"figc no-description\">\n\t\t\t<div class=\"figc-inner\">\n\t\t\t\t\t\t\t\t\t<div class='jtg-title'>inge04<\/div>\n\t\t\t\t\t\t\t\t\t\t\t\t\t\t\t<\/div>\n\t\t<\/div>\n\n\t<\/div>\n\n<\/div>\t\t\n\t<\/div>\n\n\t\n\t\n\t<script type=\"application\/ld+json\">\n\t{\n\t\t\"@context\": \"http:\/\/schema.org\",\n\t\t\"@type\"   : \"ImageGallery\",\n\t\t\"id\"      : \"https:\/\/www.delpinoingenieros.cl\/wp-json\/wp\/v2\/pages\/3130\",\n\t\t\"url\"     : \"https:\/\/www.delpinoingenieros.cl\/wp-json\/wp\/v2\/pages\/3130\"\n\t}\n\n    <\/script>\n\n\t\n<\/div>\n<\/div>\n\t\t<\/div><\/div><\/div><\/div><\/div><div id=\"pg-3130-3\"  class=\"panel-grid panel-has-style\" ><div style=\"padding: 20px 0; \" data-overlay=\"true\" data-overlay-color=\"#000000\" class=\"panel-row-style panel-row-style-for-3130-3\" ><div id=\"pgc-3130-3-0\"  class=\"panel-grid-cell\" ><div id=\"panel-3130-3-0-0\" class=\"so-panel widget widget_sydney_action sydney_action_widget panel-first-child panel-last-child\" data-index=\"3\" ><div style=\"text-align: left;\" data-title-color=\"#443f3f\" data-headings-color=\"#443f3f\" class=\"panel-widget-style panel-widget-style-for-3130-3-0-0\" >        <div class=\"roll-promobox \">\r\n\t\t\t<div class=\"promo-wrap\">\r\n\t\t\t\t\t\t\t\t<div class=\"promo-controls\">\r\n\t\t\t\t\t<a href=\"http:\/\/www.delpinoingenieros.cl\/index.php\/586-2\/\" class=\"roll-button border\">Ver Todos los Servicios<\/a>\r\n\t\t\t\t<\/div>\r\n\t\t\t<\/div>\r\n        <\/div>\r\n\t<\/div><\/div><\/div><\/div><\/div><\/div>","protected":false},"excerpt":{"rendered":"<p>Nuestra Empresa Del Pino Ingenieros cuenta con los Servicios de Geomensura \u00a0para las \u00e1reas de la Miner\u00eda, Industria, Construcci\u00f3n, incorporando tecnolog\u00eda de [&hellip;]<\/p>\n","protected":false},"author":1,"featured_media":0,"parent":0,"menu_order":0,"comment_status":"closed","ping_status":"closed","template":"page-templates\/page_front-page.php","meta":[],"wppr_data":{"cwp_meta_box_check":"No"},"yoast_head":"<!-- This site is optimized with the Yoast SEO plugin v20.5 - https:\/\/yoast.com\/wordpress\/plugins\/seo\/ -->\n<title>Geomensura - DelPino Ingenieros<\/title>\n<meta name=\"robots\" content=\"index, follow, max-snippet:-1, max-image-preview:large, max-video-preview:-1\" \/>\n<link rel=\"canonical\" href=\"https:\/\/www.delpinoingenieros.cl\/index.php\/3130-2\/\" \/>\n<meta property=\"og:locale\" content=\"es_ES\" \/>\n<meta property=\"og:type\" content=\"article\" \/>\n<meta property=\"og:title\" content=\"Geomensura - DelPino Ingenieros\" \/>\n<meta property=\"og:description\" content=\"Nuestra Empresa Del Pino Ingenieros cuenta con los Servicios de Geomensura \u00a0para las \u00e1reas de la Miner\u00eda, Industria, Construcci\u00f3n, incorporando tecnolog\u00eda de [&hellip;]\" \/>\n<meta property=\"og:url\" content=\"https:\/\/www.delpinoingenieros.cl\/index.php\/3130-2\/\" \/>\n<meta property=\"og:site_name\" content=\"DelPino Ingenieros\" \/>\n<meta property=\"article:modified_time\" content=\"2019-05-27T04:02:00+00:00\" \/>\n<meta property=\"og:image\" content=\"http:\/\/www.delpinoingenieros.cl\/wp-content\/uploads\/2019\/05\/geom02-500x99999.jpg\" \/>\n<meta name=\"twitter:card\" content=\"summary_large_image\" \/>\n<script type=\"application\/ld+json\" class=\"yoast-schema-graph\">{\"@context\":\"https:\/\/schema.org\",\"@graph\":[{\"@type\":\"WebPage\",\"@id\":\"https:\/\/www.delpinoingenieros.cl\/index.php\/3130-2\/\",\"url\":\"https:\/\/www.delpinoingenieros.cl\/index.php\/3130-2\/\",\"name\":\"Geomensura - DelPino Ingenieros\",\"isPartOf\":{\"@id\":\"https:\/\/www.delpinoingenieros.cl\/#website\"},\"datePublished\":\"2019-05-17T04:15:47+00:00\",\"dateModified\":\"2019-05-27T04:02:00+00:00\",\"breadcrumb\":{\"@id\":\"https:\/\/www.delpinoingenieros.cl\/index.php\/3130-2\/#breadcrumb\"},\"inLanguage\":\"es-CL\",\"potentialAction\":[{\"@type\":\"ReadAction\",\"target\":[\"https:\/\/www.delpinoingenieros.cl\/index.php\/3130-2\/\"]}]},{\"@type\":\"BreadcrumbList\",\"@id\":\"https:\/\/www.delpinoingenieros.cl\/index.php\/3130-2\/#breadcrumb\",\"itemListElement\":[{\"@type\":\"ListItem\",\"position\":1,\"name\":\"Portada\",\"item\":\"https:\/\/www.delpinoingenieros.cl\/\"},{\"@type\":\"ListItem\",\"position\":2,\"name\":\"Geomensura\"}]},{\"@type\":\"WebSite\",\"@id\":\"https:\/\/www.delpinoingenieros.cl\/#website\",\"url\":\"https:\/\/www.delpinoingenieros.cl\/\",\"name\":\"DelPino Ingenieros\",\"description\":\"\",\"potentialAction\":[{\"@type\":\"SearchAction\",\"target\":{\"@type\":\"EntryPoint\",\"urlTemplate\":\"https:\/\/www.delpinoingenieros.cl\/?s={search_term_string}\"},\"query-input\":\"required name=search_term_string\"}],\"inLanguage\":\"es-CL\"}]}<\/script>\n<!-- \/ Yoast SEO plugin. -->","yoast_head_json":{"title":"Geomensura - DelPino Ingenieros","robots":{"index":"index","follow":"follow","max-snippet":"max-snippet:-1","max-image-preview":"max-image-preview:large","max-video-preview":"max-video-preview:-1"},"canonical":"https:\/\/www.delpinoingenieros.cl\/index.php\/3130-2\/","og_locale":"es_ES","og_type":"article","og_title":"Geomensura - DelPino Ingenieros","og_description":"Nuestra Empresa Del Pino Ingenieros cuenta con los Servicios de Geomensura \u00a0para las \u00e1reas de la Miner\u00eda, Industria, Construcci\u00f3n, incorporando tecnolog\u00eda de [&hellip;]","og_url":"https:\/\/www.delpinoingenieros.cl\/index.php\/3130-2\/","og_site_name":"DelPino Ingenieros","article_modified_time":"2019-05-27T04:02:00+00:00","og_image":[{"url":"http:\/\/www.delpinoingenieros.cl\/wp-content\/uploads\/2019\/05\/geom02-500x99999.jpg"}],"twitter_card":"summary_large_image","schema":{"@context":"https:\/\/schema.org","@graph":[{"@type":"WebPage","@id":"https:\/\/www.delpinoingenieros.cl\/index.php\/3130-2\/","url":"https:\/\/www.delpinoingenieros.cl\/index.php\/3130-2\/","name":"Geomensura - DelPino Ingenieros","isPartOf":{"@id":"https:\/\/www.delpinoingenieros.cl\/#website"},"datePublished":"2019-05-17T04:15:47+00:00","dateModified":"2019-05-27T04:02:00+00:00","breadcrumb":{"@id":"https:\/\/www.delpinoingenieros.cl\/index.php\/3130-2\/#breadcrumb"},"inLanguage":"es-CL","potentialAction":[{"@type":"ReadAction","target":["https:\/\/www.delpinoingenieros.cl\/index.php\/3130-2\/"]}]},{"@type":"BreadcrumbList","@id":"https:\/\/www.delpinoingenieros.cl\/index.php\/3130-2\/#breadcrumb","itemListElement":[{"@type":"ListItem","position":1,"name":"Portada","item":"https:\/\/www.delpinoingenieros.cl\/"},{"@type":"ListItem","position":2,"name":"Geomensura"}]},{"@type":"WebSite","@id":"https:\/\/www.delpinoingenieros.cl\/#website","url":"https:\/\/www.delpinoingenieros.cl\/","name":"DelPino Ingenieros","description":"","potentialAction":[{"@type":"SearchAction","target":{"@type":"EntryPoint","urlTemplate":"https:\/\/www.delpinoingenieros.cl\/?s={search_term_string}"},"query-input":"required name=search_term_string"}],"inLanguage":"es-CL"}]}},"_links":{"self":[{"href":"https:\/\/www.delpinoingenieros.cl\/index.php\/wp-json\/wp\/v2\/pages\/3130"}],"collection":[{"href":"https:\/\/www.delpinoingenieros.cl\/index.php\/wp-json\/wp\/v2\/pages"}],"about":[{"href":"https:\/\/www.delpinoingenieros.cl\/index.php\/wp-json\/wp\/v2\/types\/page"}],"author":[{"embeddable":true,"href":"https:\/\/www.delpinoingenieros.cl\/index.php\/wp-json\/wp\/v2\/users\/1"}],"replies":[{"embeddable":true,"href":"https:\/\/www.delpinoingenieros.cl\/index.php\/wp-json\/wp\/v2\/comments?post=3130"}],"version-history":[{"count":16,"href":"https:\/\/www.delpinoingenieros.cl\/index.php\/wp-json\/wp\/v2\/pages\/3130\/revisions"}],"predecessor-version":[{"id":3362,"href":"https:\/\/www.delpinoingenieros.cl\/index.php\/wp-json\/wp\/v2\/pages\/3130\/revisions\/3362"}],"wp:attachment":[{"href":"https:\/\/www.delpinoingenieros.cl\/index.php\/wp-json\/wp\/v2\/media?parent=3130"}],"curies":[{"name":"wp","href":"https:\/\/api.w.org\/{rel}","templated":true}]}}