{"id":3066,"date":"2019-05-17T02:52:19","date_gmt":"2019-05-17T02:52:19","guid":{"rendered":"http:\/\/www.delpinoingenieros.cl\/?page_id=3066"},"modified":"2019-05-27T01:24:27","modified_gmt":"2019-05-27T01:24:27","slug":"ingenieria","status":"publish","type":"page","link":"https:\/\/www.delpinoingenieros.cl\/index.php\/ingenieria\/","title":{"rendered":"Ingenier\u00eda"},"content":{"rendered":"<div id=\"pl-3066\"  class=\"panel-layout\" ><div id=\"pg-3066-0\"  class=\"panel-grid panel-has-style\" ><div class=\"siteorigin-panels-stretch panel-row-style panel-row-style-for-3066-0\" style=\"background-image: url(https:\/\/www.delpinoingenieros.cl\/wp-content\/uploads\/2019\/04\/ingenieria001.jpg);padding: 100px 0; \" data-stretch-type=\"full\" data-hasbg=\"hasbg\" data-overlay=\"true\" data-overlay-color=\"#000000\" ><div id=\"pgc-3066-0-0\"  class=\"panel-grid-cell\" ><div id=\"panel-3066-0-0-0\" class=\"so-panel widget widget_text panel-first-child panel-last-child\" data-index=\"0\" ><div style=\"text-align: left;\" data-title-color=\"#81d742\" data-headings-color=\"#443f3f\" class=\"panel-widget-style panel-widget-style-for-3066-0-0-0\" ><h3 class=\"widget-title\">Ingenier\u00eda<\/h3>\t\t\t<div class=\"textwidget\"><\/div>\n\t\t<\/div><\/div><\/div><\/div><\/div><div id=\"pg-3066-1\"  class=\"panel-grid panel-has-style\" ><div class=\"siteorigin-panels-stretch panel-row-style panel-row-style-for-3066-1\" style=\"padding: 35px 0; \" data-stretch-type=\"full\" data-overlay=\"true\" data-overlay-color=\"#000000\" ><div id=\"pgc-3066-1-0\"  class=\"panel-grid-cell\" ><div id=\"panel-3066-1-0-0\" class=\"so-panel widget widget_text panel-first-child panel-last-child\" data-index=\"1\" ><div style=\"text-align: left;\" data-title-color=\"#443f3f\" data-headings-color=\"#443f3f\" class=\"panel-widget-style panel-widget-style-for-3066-1-0-0\" >\t\t\t<div class=\"textwidget\"><p>Del Pino Ingenieros cuenta con un equipo de profesionales de alto nivel, lo que nos permite abordar diversas \u00e1reas de ingenieri\u0301a en donde hemos desarrollado proyectos de ingenier\u00eda conceptual, b\u00e1sica, detalles, civil, estructural, piping, el\u00e9ctrica, planificaci\u00f3n e ingenier\u00eda inversa para an\u00e1lisis de desgaste.<br \/>\nNuestra experiencia, la hemos realizado en: dise\u00f1os, validaci\u00f3n de ingenier\u00eda, memorias de c\u00e1lculo estructurales, civiles, el\u00e9ctricos, sanitarios, fundaciones de soporte, proyecci\u00f3n de construcci\u00f3n, an\u00e1lisis de interferencias entre otras especialidades.<\/p>\n<\/div>\n\t\t<\/div><\/div><\/div><\/div><\/div><div id=\"pg-3066-2\"  class=\"panel-grid panel-has-style\" ><div style=\"padding: 0px 0; \" data-overlay=\"true\" data-overlay-color=\"#000000\" class=\"panel-row-style panel-row-style-for-3066-2\" ><div id=\"pgc-3066-2-0\"  class=\"panel-grid-cell\" ><div id=\"panel-3066-2-0-0\" class=\"so-panel widget widget_text panel-first-child panel-last-child\" data-index=\"2\" ><div style=\"text-align: left;\" data-title-color=\"#ffffff\" data-headings-color=\"#ffffff\" class=\"panel-widget-style panel-widget-style-for-3066-2-0-0\" >\t\t\t<div class=\"textwidget\"><style>#jtg-2994 .modula-item .jtg-social a, .lightbox-socials.jtg-social a{ color: #ffffff }#jtg-2994 .modula-item .jtg-social svg, .lightbox-socials.jtg-social svg { height: 16px; width: 16px }#jtg-2994 .modula-item .jtg-social a:not(:last-child), .lightbox-socials.jtg-social a:not(:last-child) { margin-right: 10px }#jtg-2994 .modula-item .figc {color:#ffffff;}#jtg-2994 .modula-item .figc .jtg-title {  font-size: 25px; }#jtg-2994 .modula-item .modula-item-content { transform: scale(1) }#jtg-2994 { width:100%;}#jtg-2994 .modula-items{height:800px;}@media screen and (max-width: 992px) {#jtg-2994 .modula-items{height:800px;}}@media screen and (max-width: 768px) {#jtg-2994 .modula-items{height:800px;}}#jtg-2994 .modula-items .figc p.description { font-size:14px; }#jtg-2994 .modula-items .figc p.description { color:#ffffff;}#jtg-2994.modula-gallery .modula-item > a, #jtg-2994.modula-gallery .modula-item, #jtg-2994.modula-gallery .modula-item-content > a:not(.modula-no-follow) { cursor:magnifying-glass; } #jtg-2994.modula-gallery .modula-item-content .modula-no-follow { cursor: default; } @media screen and (max-width:480px){#jtg-2994 .modula-item .figc .jtg-title {  font-size: 12px; }#jtg-2994 .modula-items .figc p.description { color:#ffffff;font-size:10px; }}<\/style>\n<!-- Gallery Container -->\n<div  id=\"jtg-2994\" class=\"modula modula-gallery modula-creative-gallery\" data-config=\"{&quot;height&quot;:800,&quot;tabletHeight&quot;:800,&quot;mobileHeight&quot;:800,&quot;desktopHeight&quot;:800,&quot;enableTwitter&quot;:true,&quot;enableWhatsapp&quot;:false,&quot;enableFacebook&quot;:true,&quot;enablePinterest&quot;:true,&quot;enableLinkedin&quot;:true,&quot;enableEmail&quot;:false,&quot;randomFactor&quot;:0.5,&quot;type&quot;:&quot;creative-gallery&quot;,&quot;columns&quot;:12,&quot;gutter&quot;:10,&quot;mobileGutter&quot;:10,&quot;tabletGutter&quot;:10,&quot;desktopGutter&quot;:10,&quot;enableResponsive&quot;:&quot;0&quot;,&quot;tabletColumns&quot;:&quot;2&quot;,&quot;mobileColumns&quot;:&quot;1&quot;,&quot;lazyLoad&quot;:&quot;0&quot;,&quot;lightboxOpts&quot;:{&quot;loop&quot;:false,&quot;arrows&quot;:true,&quot;toolbar&quot;:true,&quot;keyboard&quot;:false,&quot;wheel&quot;:false,&quot;buttons&quot;:[&quot;close&quot;],&quot;hash&quot;:false,&quot;lang&quot;:&quot;en&quot;,&quot;touch&quot;:false,&quot;protect&quot;:false,&quot;i18n&quot;:{&quot;en&quot;:{&quot;CLOSE&quot;:&quot;Close&quot;,&quot;NEXT&quot;:&quot;Next&quot;,&quot;PREV&quot;:&quot;Previous&quot;,&quot;Error&quot;:&quot;The requested content cannot be loaded. Please try again later.&quot;,&quot;PLAY_START&quot;:&quot;Start slideshow&quot;,&quot;PLAY_STOP&quot;:&quot;Pause slideshow&quot;,&quot;FULL_SCREEN&quot;:&quot;Full screen&quot;,&quot;THUMBS&quot;:&quot;Thumbnails&quot;,&quot;DOWNLOAD&quot;:&quot;Download&quot;,&quot;SHARE&quot;:&quot;Share&quot;,&quot;ZOOM&quot;:&quot;Zoom&quot;}},&quot;clickSlide&quot;:false,&quot;clickOutside&quot;:false,&quot;dblclickContent&quot;:false,&quot;dblclickSlide&quot;:false,&quot;dblclickOutside&quot;:false,&quot;clickContent&quot;:false,&quot;baseTpl&quot;:&quot;&lt;div class=\\&quot;modula-fancybox-container modula-lightbox-jtg-2994\\&quot; role=\\&quot;dialog\\&quot; tabindex=\\&quot;-1\\&quot;&gt;&lt;div class=\\&quot;modula-fancybox-bg\\&quot;&gt;&lt;\\\/div&gt;&lt;div class=\\&quot;modula-fancybox-inner\\&quot;&gt;&lt;div class=\\&quot;modula-fancybox-infobar\\&quot;&gt;&lt;span data-fancybox-index&gt;&lt;\\\/span&gt;&nbsp;\\\/&nbsp;&lt;span data-fancybox-count&gt;&lt;\\\/span&gt;&lt;\\\/div&gt;&lt;div class=\\&quot;modula-fancybox-toolbar\\&quot;&gt;{{buttons}}&lt;\\\/div&gt;&lt;div class=\\&quot;modula-fancybox-navigation\\&quot;&gt;{{arrows}}&lt;\\\/div&gt;&lt;div class=\\&quot;modula-fancybox-stage\\&quot;&gt;&lt;\\\/div&gt;&lt;div class=\\&quot;modula-fancybox-caption\\&quot;&gt;&lt;div class=\\&quot;modula-fancybox-caption__body\\&quot;&gt;&lt;\\\/div&gt;&lt;\\\/div&gt;&lt;\\\/div&gt;&lt;\\\/div&gt;&quot;},&quot;inView&quot;:false,&quot;email_subject&quot;:&quot;Check out this awesome image !!&quot;,&quot;email_message&quot;:&quot;Here is the link to the image : %%image_link%% and this is the link to the gallery : %%gallery_link%% &quot;,&quot;lightbox&quot;:&quot;fancybox&quot;}\">\n\n\t\n\t<!-- Items Container -->\n\t<div  class=\"modula-items\">\n\t\t<div class=\"modula-item effect-pufrobo\" >\n\t<div class=\"modula-item-overlay\"><\/div>\n\n\t<div class=\"modula-item-content\">\n\n\t\t\t\t\n\t\t\t\t\t<a data-image-id=\"3336\" rel=\"jtg-2994\" data-caption=\"\" aria-label=\"Open image in lightbox\" class=\"tile-inner modula-item-link\"><\/a>\n\t\t\n\t\t<img class=\"pic wp-image-3336\"  data-valign=\"middle\" data-halign=\"center\" alt=\"\" data-full=\"https:\/\/www.delpinoingenieros.cl\/wp-content\/uploads\/2019\/04\/arq06.jpg\" title=\"Ingenier\u00eda\" width=\"300\" height=\"200\" src=\"https:\/\/www.delpinoingenieros.cl\/wp-content\/uploads\/2019\/04\/arq06-300x200.jpg\" data-src=\"https:\/\/www.delpinoingenieros.cl\/wp-content\/uploads\/2019\/04\/arq06-300x200.jpg\" data-caption=\"\"srcset=\"https:\/\/www.delpinoingenieros.cl\/wp-content\/uploads\/2019\/04\/arq06-300x200.jpg 300w, https:\/\/www.delpinoingenieros.cl\/wp-content\/uploads\/2019\/04\/arq06-50x33.jpg 50w, https:\/\/www.delpinoingenieros.cl\/wp-content\/uploads\/2019\/04\/arq06-230x153.jpg 230w, https:\/\/www.delpinoingenieros.cl\/wp-content\/uploads\/2019\/04\/arq06-350x233.jpg 350w, https:\/\/www.delpinoingenieros.cl\/wp-content\/uploads\/2019\/04\/arq06-480x320.jpg 480w, https:\/\/www.delpinoingenieros.cl\/wp-content\/uploads\/2019\/04\/arq06-272x182.jpg 272w, https:\/\/www.delpinoingenieros.cl\/wp-content\/uploads\/2019\/04\/arq06.jpg 640w\" sizes=\"(max-width: 300px) 100vw, 300px\"\" \/>\n\t\t<div class=\"figc no-description\">\n\t\t\t<div class=\"figc-inner\">\n\t\t\t\t\t\t\t\t\t<div class='jtg-title'>Ingenier\u00eda<\/div>\n\t\t\t\t\t\t\t\t\t\t\t\t\t\t\t<\/div>\n\t\t<\/div>\n\n\t<\/div>\n\n<\/div><div class=\"modula-item effect-pufrobo\" >\n\t<div class=\"modula-item-overlay\"><\/div>\n\n\t<div class=\"modula-item-content\">\n\n\t\t\t\t\n\t\t\t\t\t<a data-image-id=\"3240\" rel=\"jtg-2994\" data-caption=\"\" aria-label=\"Open image in lightbox\" class=\"tile-inner modula-item-link\"><\/a>\n\t\t\n\t\t<img class=\"pic wp-image-3240\"  data-valign=\"middle\" data-halign=\"center\" alt=\"\" data-full=\"https:\/\/www.delpinoingenieros.cl\/wp-content\/uploads\/2019\/05\/inge02.jpg\" title=\"Mapa de Inspecci\u00f3n\" width=\"300\" height=\"200\" src=\"https:\/\/www.delpinoingenieros.cl\/wp-content\/uploads\/2019\/05\/inge02-300x200.jpg\" data-src=\"https:\/\/www.delpinoingenieros.cl\/wp-content\/uploads\/2019\/05\/inge02-300x200.jpg\" data-caption=\"\"srcset=\"https:\/\/www.delpinoingenieros.cl\/wp-content\/uploads\/2019\/05\/inge02-300x200.jpg 300w, https:\/\/www.delpinoingenieros.cl\/wp-content\/uploads\/2019\/05\/inge02-50x33.jpg 50w, https:\/\/www.delpinoingenieros.cl\/wp-content\/uploads\/2019\/05\/inge02-230x153.jpg 230w, https:\/\/www.delpinoingenieros.cl\/wp-content\/uploads\/2019\/05\/inge02-350x233.jpg 350w, https:\/\/www.delpinoingenieros.cl\/wp-content\/uploads\/2019\/05\/inge02-480x320.jpg 480w, https:\/\/www.delpinoingenieros.cl\/wp-content\/uploads\/2019\/05\/inge02-272x182.jpg 272w, https:\/\/www.delpinoingenieros.cl\/wp-content\/uploads\/2019\/05\/inge02.jpg 640w\" sizes=\"(max-width: 300px) 100vw, 300px\"\" \/>\n\t\t<div class=\"figc no-description\">\n\t\t\t<div class=\"figc-inner\">\n\t\t\t\t\t\t\t\t\t<div class='jtg-title'>Mapa de Inspecci\u00f3n<\/div>\n\t\t\t\t\t\t\t\t\t\t\t\t\t\t\t<\/div>\n\t\t<\/div>\n\n\t<\/div>\n\n<\/div><div class=\"modula-item effect-pufrobo\" >\n\t<div class=\"modula-item-overlay\"><\/div>\n\n\t<div class=\"modula-item-content\">\n\n\t\t\t\t\n\t\t\t\t\t<a data-image-id=\"3241\" rel=\"jtg-2994\" data-caption=\"\" aria-label=\"Open image in lightbox\" class=\"tile-inner modula-item-link\"><\/a>\n\t\t\n\t\t<img class=\"pic wp-image-3241\"  data-valign=\"middle\" data-halign=\"center\" alt=\"\" data-full=\"https:\/\/www.delpinoingenieros.cl\/wp-content\/uploads\/2019\/05\/inge03.jpg\" title=\"Nube de puntos \" width=\"300\" height=\"200\" src=\"https:\/\/www.delpinoingenieros.cl\/wp-content\/uploads\/2019\/05\/inge03-300x200.jpg\" data-src=\"https:\/\/www.delpinoingenieros.cl\/wp-content\/uploads\/2019\/05\/inge03-300x200.jpg\" data-caption=\"\"srcset=\"https:\/\/www.delpinoingenieros.cl\/wp-content\/uploads\/2019\/05\/inge03-300x200.jpg 300w, https:\/\/www.delpinoingenieros.cl\/wp-content\/uploads\/2019\/05\/inge03-50x33.jpg 50w, https:\/\/www.delpinoingenieros.cl\/wp-content\/uploads\/2019\/05\/inge03-230x153.jpg 230w, https:\/\/www.delpinoingenieros.cl\/wp-content\/uploads\/2019\/05\/inge03-350x233.jpg 350w, https:\/\/www.delpinoingenieros.cl\/wp-content\/uploads\/2019\/05\/inge03-480x320.jpg 480w, https:\/\/www.delpinoingenieros.cl\/wp-content\/uploads\/2019\/05\/inge03-272x182.jpg 272w, https:\/\/www.delpinoingenieros.cl\/wp-content\/uploads\/2019\/05\/inge03.jpg 640w\" sizes=\"(max-width: 300px) 100vw, 300px\"\" \/>\n\t\t<div class=\"figc no-description\">\n\t\t\t<div class=\"figc-inner\">\n\t\t\t\t\t\t\t\t\t<div class='jtg-title'>Nube de puntos <\/div>\n\t\t\t\t\t\t\t\t\t\t\t\t\t\t\t<\/div>\n\t\t<\/div>\n\n\t<\/div>\n\n<\/div><div class=\"modula-item effect-pufrobo\" >\n\t<div class=\"modula-item-overlay\"><\/div>\n\n\t<div class=\"modula-item-content\">\n\n\t\t\t\t\n\t\t\t\t\t<a data-image-id=\"3239\" rel=\"jtg-2994\" data-caption=\"\" aria-label=\"Open image in lightbox\" class=\"tile-inner modula-item-link\"><\/a>\n\t\t\n\t\t<img class=\"pic wp-image-3239\"  data-valign=\"middle\" data-halign=\"center\" alt=\"\" data-full=\"https:\/\/www.delpinoingenieros.cl\/wp-content\/uploads\/2019\/05\/inge01.jpg\" title=\"An\u00e1lisis de Desgaste\" width=\"300\" height=\"200\" src=\"https:\/\/www.delpinoingenieros.cl\/wp-content\/uploads\/2019\/05\/inge01-300x200.jpg\" data-src=\"https:\/\/www.delpinoingenieros.cl\/wp-content\/uploads\/2019\/05\/inge01-300x200.jpg\" data-caption=\"\"srcset=\"https:\/\/www.delpinoingenieros.cl\/wp-content\/uploads\/2019\/05\/inge01-300x200.jpg 300w, https:\/\/www.delpinoingenieros.cl\/wp-content\/uploads\/2019\/05\/inge01-50x33.jpg 50w, https:\/\/www.delpinoingenieros.cl\/wp-content\/uploads\/2019\/05\/inge01-230x153.jpg 230w, https:\/\/www.delpinoingenieros.cl\/wp-content\/uploads\/2019\/05\/inge01-350x233.jpg 350w, https:\/\/www.delpinoingenieros.cl\/wp-content\/uploads\/2019\/05\/inge01-480x320.jpg 480w, https:\/\/www.delpinoingenieros.cl\/wp-content\/uploads\/2019\/05\/inge01-272x182.jpg 272w, https:\/\/www.delpinoingenieros.cl\/wp-content\/uploads\/2019\/05\/inge01.jpg 640w\" sizes=\"(max-width: 300px) 100vw, 300px\"\" \/>\n\t\t<div class=\"figc no-description\">\n\t\t\t<div class=\"figc-inner\">\n\t\t\t\t\t\t\t\t\t<div class='jtg-title'>An\u00e1lisis de Desgaste<\/div>\n\t\t\t\t\t\t\t\t\t\t\t\t\t\t\t<\/div>\n\t\t<\/div>\n\n\t<\/div>\n\n<\/div><div class=\"modula-item effect-pufrobo\" >\n\t<div class=\"modula-item-overlay\"><\/div>\n\n\t<div class=\"modula-item-content\">\n\n\t\t\t\t\n\t\t\t\t\t<a data-image-id=\"3244\" rel=\"jtg-2994\" data-caption=\"\" aria-label=\"Open image in lightbox\" class=\"tile-inner modula-item-link\"><\/a>\n\t\t\n\t\t<img class=\"pic wp-image-3244\"  data-valign=\"middle\" data-halign=\"center\" alt=\"\" data-full=\"https:\/\/www.delpinoingenieros.cl\/wp-content\/uploads\/2019\/05\/inge06.jpg\" title=\"\" width=\"300\" height=\"200\" src=\"https:\/\/www.delpinoingenieros.cl\/wp-content\/uploads\/2019\/05\/inge06-300x200.jpg\" data-src=\"https:\/\/www.delpinoingenieros.cl\/wp-content\/uploads\/2019\/05\/inge06-300x200.jpg\" data-caption=\"\"srcset=\"https:\/\/www.delpinoingenieros.cl\/wp-content\/uploads\/2019\/05\/inge06-300x200.jpg 300w, https:\/\/www.delpinoingenieros.cl\/wp-content\/uploads\/2019\/05\/inge06-50x33.jpg 50w, https:\/\/www.delpinoingenieros.cl\/wp-content\/uploads\/2019\/05\/inge06-230x153.jpg 230w, https:\/\/www.delpinoingenieros.cl\/wp-content\/uploads\/2019\/05\/inge06-350x233.jpg 350w, https:\/\/www.delpinoingenieros.cl\/wp-content\/uploads\/2019\/05\/inge06-480x320.jpg 480w, https:\/\/www.delpinoingenieros.cl\/wp-content\/uploads\/2019\/05\/inge06-272x182.jpg 272w, https:\/\/www.delpinoingenieros.cl\/wp-content\/uploads\/2019\/05\/inge06.jpg 640w\" sizes=\"(max-width: 300px) 100vw, 300px\"\" \/>\n\t\t<div class=\"figc no-description\">\n\t\t\t<div class=\"figc-inner\">\n\t\t\t\t\t\t\t\t\t<div class='jtg-title'>inge06<\/div>\n\t\t\t\t\t\t\t\t\t\t\t\t\t\t\t<\/div>\n\t\t<\/div>\n\n\t<\/div>\n\n<\/div>\t\t\n\t<\/div>\n\n\t\n\t\n\t<script type=\"application\/ld+json\">\n\t{\n\t\t\"@context\": \"http:\/\/schema.org\",\n\t\t\"@type\"   : \"ImageGallery\",\n\t\t\"id\"      : \"https:\/\/www.delpinoingenieros.cl\/wp-json\/wp\/v2\/pages\/3066\",\n\t\t\"url\"     : \"https:\/\/www.delpinoingenieros.cl\/wp-json\/wp\/v2\/pages\/3066\"\n\t}\n\n    <\/script>\n\n\t\n<\/div>\n<\/div>\n\t\t<\/div><\/div><\/div><\/div><\/div><div id=\"pg-3066-3\"  class=\"panel-grid panel-has-style\" ><div style=\"padding: 20px 0; \" data-overlay=\"true\" data-overlay-color=\"#000000\" class=\"panel-row-style panel-row-style-for-3066-3\" ><div id=\"pgc-3066-3-0\"  class=\"panel-grid-cell\" ><div id=\"panel-3066-3-0-0\" class=\"so-panel widget widget_sydney_action sydney_action_widget panel-first-child panel-last-child\" data-index=\"3\" ><div style=\"text-align: left;\" data-title-color=\"#443f3f\" data-headings-color=\"#443f3f\" class=\"panel-widget-style panel-widget-style-for-3066-3-0-0\" >        <div class=\"roll-promobox \">\r\n\t\t\t<div class=\"promo-wrap\">\r\n\t\t\t\t\t\t\t\t<div class=\"promo-controls\">\r\n\t\t\t\t\t<a href=\"http:\/\/www.delpinoingenieros.cl\/index.php\/586-2\/\" class=\"roll-button border\">Ver Todos los Servicios<\/a>\r\n\t\t\t\t<\/div>\r\n\t\t\t<\/div>\r\n        <\/div>\r\n\t<\/div><\/div><\/div><\/div><\/div><\/div>","protected":false},"excerpt":{"rendered":"<p>Del Pino Ingenieros cuenta con un equipo de profesionales de alto nivel, lo que nos permite abordar diversas \u00e1reas de ingenieri\u0301a en [&hellip;]<\/p>\n","protected":false},"author":1,"featured_media":0,"parent":0,"menu_order":0,"comment_status":"closed","ping_status":"closed","template":"page-templates\/page_front-page.php","meta":[],"wppr_data":{"cwp_meta_box_check":"No"},"yoast_head":"<!-- This site is optimized with the Yoast SEO plugin v20.5 - https:\/\/yoast.com\/wordpress\/plugins\/seo\/ -->\n<title>Ingenier\u00eda - DelPino Ingenieros<\/title>\n<meta name=\"robots\" content=\"index, follow, max-snippet:-1, max-image-preview:large, max-video-preview:-1\" \/>\n<link rel=\"canonical\" href=\"https:\/\/www.delpinoingenieros.cl\/index.php\/ingenieria\/\" \/>\n<meta property=\"og:locale\" content=\"es_ES\" \/>\n<meta property=\"og:type\" content=\"article\" \/>\n<meta property=\"og:title\" content=\"Ingenier\u00eda - DelPino Ingenieros\" \/>\n<meta property=\"og:description\" content=\"Del Pino Ingenieros cuenta con un equipo de profesionales de alto nivel, lo que nos permite abordar diversas \u00e1reas de ingenieri\u0301a en [&hellip;]\" \/>\n<meta property=\"og:url\" content=\"https:\/\/www.delpinoingenieros.cl\/index.php\/ingenieria\/\" \/>\n<meta property=\"og:site_name\" content=\"DelPino Ingenieros\" \/>\n<meta property=\"article:modified_time\" content=\"2019-05-27T01:24:27+00:00\" \/>\n<meta property=\"og:image\" content=\"http:\/\/www.delpinoingenieros.cl\/wp-content\/uploads\/2019\/04\/arq06-500x99999.jpg\" \/>\n<meta name=\"twitter:card\" content=\"summary_large_image\" \/>\n<meta name=\"twitter:label1\" content=\"Est. reading time\" \/>\n\t<meta name=\"twitter:data1\" content=\"1 minuto\" \/>\n<script type=\"application\/ld+json\" class=\"yoast-schema-graph\">{\"@context\":\"https:\/\/schema.org\",\"@graph\":[{\"@type\":\"WebPage\",\"@id\":\"https:\/\/www.delpinoingenieros.cl\/index.php\/ingenieria\/\",\"url\":\"https:\/\/www.delpinoingenieros.cl\/index.php\/ingenieria\/\",\"name\":\"Ingenier\u00eda - DelPino Ingenieros\",\"isPartOf\":{\"@id\":\"https:\/\/www.delpinoingenieros.cl\/#website\"},\"datePublished\":\"2019-05-17T02:52:19+00:00\",\"dateModified\":\"2019-05-27T01:24:27+00:00\",\"breadcrumb\":{\"@id\":\"https:\/\/www.delpinoingenieros.cl\/index.php\/ingenieria\/#breadcrumb\"},\"inLanguage\":\"es-CL\",\"potentialAction\":[{\"@type\":\"ReadAction\",\"target\":[\"https:\/\/www.delpinoingenieros.cl\/index.php\/ingenieria\/\"]}]},{\"@type\":\"BreadcrumbList\",\"@id\":\"https:\/\/www.delpinoingenieros.cl\/index.php\/ingenieria\/#breadcrumb\",\"itemListElement\":[{\"@type\":\"ListItem\",\"position\":1,\"name\":\"Portada\",\"item\":\"https:\/\/www.delpinoingenieros.cl\/\"},{\"@type\":\"ListItem\",\"position\":2,\"name\":\"Ingenier\u00eda\"}]},{\"@type\":\"WebSite\",\"@id\":\"https:\/\/www.delpinoingenieros.cl\/#website\",\"url\":\"https:\/\/www.delpinoingenieros.cl\/\",\"name\":\"DelPino Ingenieros\",\"description\":\"\",\"potentialAction\":[{\"@type\":\"SearchAction\",\"target\":{\"@type\":\"EntryPoint\",\"urlTemplate\":\"https:\/\/www.delpinoingenieros.cl\/?s={search_term_string}\"},\"query-input\":\"required name=search_term_string\"}],\"inLanguage\":\"es-CL\"}]}<\/script>\n<!-- \/ Yoast SEO plugin. -->","yoast_head_json":{"title":"Ingenier\u00eda - DelPino Ingenieros","robots":{"index":"index","follow":"follow","max-snippet":"max-snippet:-1","max-image-preview":"max-image-preview:large","max-video-preview":"max-video-preview:-1"},"canonical":"https:\/\/www.delpinoingenieros.cl\/index.php\/ingenieria\/","og_locale":"es_ES","og_type":"article","og_title":"Ingenier\u00eda - DelPino Ingenieros","og_description":"Del Pino Ingenieros cuenta con un equipo de profesionales de alto nivel, lo que nos permite abordar diversas \u00e1reas de ingenieri\u0301a en [&hellip;]","og_url":"https:\/\/www.delpinoingenieros.cl\/index.php\/ingenieria\/","og_site_name":"DelPino Ingenieros","article_modified_time":"2019-05-27T01:24:27+00:00","og_image":[{"url":"http:\/\/www.delpinoingenieros.cl\/wp-content\/uploads\/2019\/04\/arq06-500x99999.jpg"}],"twitter_card":"summary_large_image","twitter_misc":{"Est. reading time":"1 minuto"},"schema":{"@context":"https:\/\/schema.org","@graph":[{"@type":"WebPage","@id":"https:\/\/www.delpinoingenieros.cl\/index.php\/ingenieria\/","url":"https:\/\/www.delpinoingenieros.cl\/index.php\/ingenieria\/","name":"Ingenier\u00eda - DelPino Ingenieros","isPartOf":{"@id":"https:\/\/www.delpinoingenieros.cl\/#website"},"datePublished":"2019-05-17T02:52:19+00:00","dateModified":"2019-05-27T01:24:27+00:00","breadcrumb":{"@id":"https:\/\/www.delpinoingenieros.cl\/index.php\/ingenieria\/#breadcrumb"},"inLanguage":"es-CL","potentialAction":[{"@type":"ReadAction","target":["https:\/\/www.delpinoingenieros.cl\/index.php\/ingenieria\/"]}]},{"@type":"BreadcrumbList","@id":"https:\/\/www.delpinoingenieros.cl\/index.php\/ingenieria\/#breadcrumb","itemListElement":[{"@type":"ListItem","position":1,"name":"Portada","item":"https:\/\/www.delpinoingenieros.cl\/"},{"@type":"ListItem","position":2,"name":"Ingenier\u00eda"}]},{"@type":"WebSite","@id":"https:\/\/www.delpinoingenieros.cl\/#website","url":"https:\/\/www.delpinoingenieros.cl\/","name":"DelPino Ingenieros","description":"","potentialAction":[{"@type":"SearchAction","target":{"@type":"EntryPoint","urlTemplate":"https:\/\/www.delpinoingenieros.cl\/?s={search_term_string}"},"query-input":"required name=search_term_string"}],"inLanguage":"es-CL"}]}},"_links":{"self":[{"href":"https:\/\/www.delpinoingenieros.cl\/index.php\/wp-json\/wp\/v2\/pages\/3066"}],"collection":[{"href":"https:\/\/www.delpinoingenieros.cl\/index.php\/wp-json\/wp\/v2\/pages"}],"about":[{"href":"https:\/\/www.delpinoingenieros.cl\/index.php\/wp-json\/wp\/v2\/types\/page"}],"author":[{"embeddable":true,"href":"https:\/\/www.delpinoingenieros.cl\/index.php\/wp-json\/wp\/v2\/users\/1"}],"replies":[{"embeddable":true,"href":"https:\/\/www.delpinoingenieros.cl\/index.php\/wp-json\/wp\/v2\/comments?post=3066"}],"version-history":[{"count":78,"href":"https:\/\/www.delpinoingenieros.cl\/index.php\/wp-json\/wp\/v2\/pages\/3066\/revisions"}],"predecessor-version":[{"id":3343,"href":"https:\/\/www.delpinoingenieros.cl\/index.php\/wp-json\/wp\/v2\/pages\/3066\/revisions\/3343"}],"wp:attachment":[{"href":"https:\/\/www.delpinoingenieros.cl\/index.php\/wp-json\/wp\/v2\/media?parent=3066"}],"curies":[{"name":"wp","href":"https:\/\/api.w.org\/{rel}","templated":true}]}}