{"id":2746,"date":"2017-10-10T15:18:38","date_gmt":"2017-10-10T15:18:38","guid":{"rendered":"http:\/\/www.delpinoingenieros.cl\/?page_id=2746"},"modified":"2019-06-18T20:21:01","modified_gmt":"2019-06-18T20:21:01","slug":"politica-alcohol-y-drogas","status":"publish","type":"page","link":"https:\/\/www.delpinoingenieros.cl\/index.php\/politica-alcohol-y-drogas\/","title":{"rendered":"Pol\u00edtica Alcohol y Drogas"},"content":{"rendered":"<div id=\"pl-2746\"  class=\"panel-layout\" ><div id=\"pg-2746-0\"  class=\"panel-grid panel-has-style\" ><div class=\"siteorigin-panels-stretch panel-row-style panel-row-style-for-2746-0\" style=\"background-image: url(https:\/\/www.delpinoingenieros.cl\/wp-content\/uploads\/2017\/10\/IMG_2135.jpg);padding: 100px 0; \" data-stretch-type=\"full\" data-hasbg=\"hasbg\" data-overlay=\"true\" data-overlay-color=\"#000000\" ><div id=\"pgc-2746-0-0\"  class=\"panel-grid-cell\" ><div id=\"panel-2746-0-0-0\" class=\"so-panel widget widget_sydney_action sydney_action_widget panel-first-child panel-last-child\" data-index=\"0\" ><div style=\"text-align: left;\" data-title-color=\"#81d742\" data-headings-color=\"#ffffff\" class=\"panel-widget-style panel-widget-style-for-2746-0-0-0\" ><h3 class=\"widget-title\">Pol\u00edtica de Alcohol y Drogas<\/h3>        <div class=\"roll-promobox \">\r\n\t\t\t<div class=\"promo-wrap\">\r\n\t\t\t\t\t\t\t\t<div class=\"promo-content\">\r\n\t\t\t\t\t<h3 class=\"title\">DESCARGA NUESTRA POL\u00cdTICA DE PREVENCI\u00d3N Y CONTROL ALCOHOL Y DROGAS.<\/h3>\r\n\t\t\t\t<\/div>\r\n\t\t\t\t\t\t\t\t<div class=\"promo-controls\">\r\n\t\t\t\t\t<a href=\"http:\/\/www.delpinoingenieros.cl\/dpiweb\/documentos\/Politica_Alcohol_y_Drogas.pdf\" class=\"roll-button border\">DESCARGA AQU\u00cd<\/a>\r\n\t\t\t\t<\/div>\r\n\t\t\t<\/div>\r\n        <\/div>\r\n\t<\/div><\/div><\/div><\/div><\/div><div id=\"pg-2746-1\"  class=\"panel-grid panel-has-style\" ><div style=\"padding: 20px 0; \" data-overlay=\"true\" data-overlay-color=\"#000000\" class=\"panel-row-style panel-row-style-for-2746-1\" ><div id=\"pgc-2746-1-0\"  class=\"panel-grid-cell\" ><div id=\"panel-2746-1-0-0\" class=\"so-panel widget widget_sow-editor panel-first-child panel-last-child\" data-index=\"1\" ><div style=\"text-align: left;\" data-title-color=\"#443f3f\" data-headings-color=\"#443f3f\" class=\"panel-widget-style panel-widget-style-for-2746-1-0-0\" ><div\n\t\t\t\n\t\t\tclass=\"so-widget-sow-editor so-widget-sow-editor-base\"\n\t\t\t\n\t\t>\n<div class=\"siteorigin-widget-tinymce textwidget\">\n\t<p><span style=\"color: #008000;\">DEL PINO INGENIEROS LTDA.,<\/span> est\u00e1 comprometido a entregar a sus clientes un servicio de excelencia, de acuerdo a sus <span style=\"color: #008000;\"><strong>Pol\u00edticas de Calidad y Salud, Seguridad y Medio Ambiente.<\/strong><\/span><\/p>\n<p><span style=\"color: #008000;\">DEL PINO INGENIEROS LTDA.,<\/span> de acuerdo con estas premisas, considera realizar, las siguientes acciones para evitar el consumo de sustancias prohibidas dentro de sus asesor\u00edas, proyectos y\/o contratos adjudicados:<\/p>\n<ul>\n<li>Implementar y mantener un programa de capacitaci\u00f3n relacionado con el tema, a todo el personal que preste servicios en DEL PINO INGENIEROS LTDA.<\/li>\n<li>Implementar y mantener un programa de Prevenci\u00f3n del Consumo de Alcohol y\/o Drogas al interior de DEL PINO INGENIEROS LTDA.<\/li>\n<li>Incorporar en los contratos de trabajo la prohibici\u00f3n de presentarse a \u00e9ste, habiendo consumido Alcohol y\/o Drogas.<\/li>\n<li>Efectuar ex\u00e1menes para detectar la presencia de Alcohol y\/o Drogas cuando existan antecedentes de su consumo.<\/li>\n<li>Colaborar en el proceso de rehabilitaci\u00f3n cuando se detecte el consumo de Alcohol y\/o Drogas en los trabajadores de DEL PINO INGENIEROS LTDA.<\/li>\n<\/ul>\n<\/div>\n<\/div><\/div><\/div><\/div><\/div><\/div><\/div>","protected":false},"excerpt":{"rendered":"<p>DEL PINO INGENIEROS LTDA., est\u00e1 comprometido a entregar a sus clientes un servicio de excelencia, de acuerdo a sus Pol\u00edticas de Calidad [&hellip;]<\/p>\n","protected":false},"author":1,"featured_media":0,"parent":0,"menu_order":0,"comment_status":"closed","ping_status":"closed","template":"page-templates\/page_front-page.php","meta":[],"wppr_data":{"cwp_meta_box_check":"No"},"yoast_head":"<!-- This site is optimized with the Yoast SEO plugin v20.5 - https:\/\/yoast.com\/wordpress\/plugins\/seo\/ -->\n<title>Pol\u00edtica Alcohol y Drogas - DelPino Ingenieros<\/title>\n<meta name=\"robots\" content=\"index, follow, max-snippet:-1, max-image-preview:large, max-video-preview:-1\" \/>\n<link rel=\"canonical\" href=\"https:\/\/www.delpinoingenieros.cl\/index.php\/politica-alcohol-y-drogas\/\" \/>\n<meta property=\"og:locale\" content=\"es_ES\" \/>\n<meta property=\"og:type\" content=\"article\" \/>\n<meta property=\"og:title\" content=\"Pol\u00edtica Alcohol y Drogas - DelPino Ingenieros\" \/>\n<meta property=\"og:description\" content=\"DEL PINO INGENIEROS LTDA., est\u00e1 comprometido a entregar a sus clientes un servicio de excelencia, de acuerdo a sus Pol\u00edticas de Calidad [&hellip;]\" \/>\n<meta property=\"og:url\" content=\"https:\/\/www.delpinoingenieros.cl\/index.php\/politica-alcohol-y-drogas\/\" \/>\n<meta property=\"og:site_name\" content=\"DelPino Ingenieros\" \/>\n<meta property=\"article:modified_time\" content=\"2019-06-18T20:21:01+00:00\" \/>\n<meta name=\"twitter:card\" content=\"summary_large_image\" \/>\n<meta name=\"twitter:label1\" content=\"Est. reading time\" \/>\n\t<meta name=\"twitter:data1\" content=\"1 minuto\" \/>\n<script type=\"application\/ld+json\" class=\"yoast-schema-graph\">{\"@context\":\"https:\/\/schema.org\",\"@graph\":[{\"@type\":\"WebPage\",\"@id\":\"https:\/\/www.delpinoingenieros.cl\/index.php\/politica-alcohol-y-drogas\/\",\"url\":\"https:\/\/www.delpinoingenieros.cl\/index.php\/politica-alcohol-y-drogas\/\",\"name\":\"Pol\u00edtica Alcohol y Drogas - DelPino Ingenieros\",\"isPartOf\":{\"@id\":\"https:\/\/www.delpinoingenieros.cl\/#website\"},\"datePublished\":\"2017-10-10T15:18:38+00:00\",\"dateModified\":\"2019-06-18T20:21:01+00:00\",\"breadcrumb\":{\"@id\":\"https:\/\/www.delpinoingenieros.cl\/index.php\/politica-alcohol-y-drogas\/#breadcrumb\"},\"inLanguage\":\"es-CL\",\"potentialAction\":[{\"@type\":\"ReadAction\",\"target\":[\"https:\/\/www.delpinoingenieros.cl\/index.php\/politica-alcohol-y-drogas\/\"]}]},{\"@type\":\"BreadcrumbList\",\"@id\":\"https:\/\/www.delpinoingenieros.cl\/index.php\/politica-alcohol-y-drogas\/#breadcrumb\",\"itemListElement\":[{\"@type\":\"ListItem\",\"position\":1,\"name\":\"Portada\",\"item\":\"https:\/\/www.delpinoingenieros.cl\/\"},{\"@type\":\"ListItem\",\"position\":2,\"name\":\"Pol\u00edtica Alcohol y Drogas\"}]},{\"@type\":\"WebSite\",\"@id\":\"https:\/\/www.delpinoingenieros.cl\/#website\",\"url\":\"https:\/\/www.delpinoingenieros.cl\/\",\"name\":\"DelPino Ingenieros\",\"description\":\"\",\"potentialAction\":[{\"@type\":\"SearchAction\",\"target\":{\"@type\":\"EntryPoint\",\"urlTemplate\":\"https:\/\/www.delpinoingenieros.cl\/?s={search_term_string}\"},\"query-input\":\"required name=search_term_string\"}],\"inLanguage\":\"es-CL\"}]}<\/script>\n<!-- \/ Yoast SEO plugin. -->","yoast_head_json":{"title":"Pol\u00edtica Alcohol y Drogas - DelPino Ingenieros","robots":{"index":"index","follow":"follow","max-snippet":"max-snippet:-1","max-image-preview":"max-image-preview:large","max-video-preview":"max-video-preview:-1"},"canonical":"https:\/\/www.delpinoingenieros.cl\/index.php\/politica-alcohol-y-drogas\/","og_locale":"es_ES","og_type":"article","og_title":"Pol\u00edtica Alcohol y Drogas - DelPino Ingenieros","og_description":"DEL PINO INGENIEROS LTDA., est\u00e1 comprometido a entregar a sus clientes un servicio de excelencia, de acuerdo a sus Pol\u00edticas de Calidad [&hellip;]","og_url":"https:\/\/www.delpinoingenieros.cl\/index.php\/politica-alcohol-y-drogas\/","og_site_name":"DelPino Ingenieros","article_modified_time":"2019-06-18T20:21:01+00:00","twitter_card":"summary_large_image","twitter_misc":{"Est. reading time":"1 minuto"},"schema":{"@context":"https:\/\/schema.org","@graph":[{"@type":"WebPage","@id":"https:\/\/www.delpinoingenieros.cl\/index.php\/politica-alcohol-y-drogas\/","url":"https:\/\/www.delpinoingenieros.cl\/index.php\/politica-alcohol-y-drogas\/","name":"Pol\u00edtica Alcohol y Drogas - DelPino Ingenieros","isPartOf":{"@id":"https:\/\/www.delpinoingenieros.cl\/#website"},"datePublished":"2017-10-10T15:18:38+00:00","dateModified":"2019-06-18T20:21:01+00:00","breadcrumb":{"@id":"https:\/\/www.delpinoingenieros.cl\/index.php\/politica-alcohol-y-drogas\/#breadcrumb"},"inLanguage":"es-CL","potentialAction":[{"@type":"ReadAction","target":["https:\/\/www.delpinoingenieros.cl\/index.php\/politica-alcohol-y-drogas\/"]}]},{"@type":"BreadcrumbList","@id":"https:\/\/www.delpinoingenieros.cl\/index.php\/politica-alcohol-y-drogas\/#breadcrumb","itemListElement":[{"@type":"ListItem","position":1,"name":"Portada","item":"https:\/\/www.delpinoingenieros.cl\/"},{"@type":"ListItem","position":2,"name":"Pol\u00edtica Alcohol y Drogas"}]},{"@type":"WebSite","@id":"https:\/\/www.delpinoingenieros.cl\/#website","url":"https:\/\/www.delpinoingenieros.cl\/","name":"DelPino Ingenieros","description":"","potentialAction":[{"@type":"SearchAction","target":{"@type":"EntryPoint","urlTemplate":"https:\/\/www.delpinoingenieros.cl\/?s={search_term_string}"},"query-input":"required name=search_term_string"}],"inLanguage":"es-CL"}]}},"_links":{"self":[{"href":"https:\/\/www.delpinoingenieros.cl\/index.php\/wp-json\/wp\/v2\/pages\/2746"}],"collection":[{"href":"https:\/\/www.delpinoingenieros.cl\/index.php\/wp-json\/wp\/v2\/pages"}],"about":[{"href":"https:\/\/www.delpinoingenieros.cl\/index.php\/wp-json\/wp\/v2\/types\/page"}],"author":[{"embeddable":true,"href":"https:\/\/www.delpinoingenieros.cl\/index.php\/wp-json\/wp\/v2\/users\/1"}],"replies":[{"embeddable":true,"href":"https:\/\/www.delpinoingenieros.cl\/index.php\/wp-json\/wp\/v2\/comments?post=2746"}],"version-history":[{"count":15,"href":"https:\/\/www.delpinoingenieros.cl\/index.php\/wp-json\/wp\/v2\/pages\/2746\/revisions"}],"predecessor-version":[{"id":2749,"href":"https:\/\/www.delpinoingenieros.cl\/index.php\/wp-json\/wp\/v2\/pages\/2746\/revisions\/2749"}],"wp:attachment":[{"href":"https:\/\/www.delpinoingenieros.cl\/index.php\/wp-json\/wp\/v2\/media?parent=2746"}],"curies":[{"name":"wp","href":"https:\/\/api.w.org\/{rel}","templated":true}]}}