{"id":2705,"date":"2017-10-10T14:40:34","date_gmt":"2017-10-10T14:40:34","guid":{"rendered":"http:\/\/www.delpinoingenieros.cl\/?page_id=2705"},"modified":"2019-06-18T18:53:53","modified_gmt":"2019-06-18T18:53:53","slug":"mision-vision","status":"publish","type":"page","link":"https:\/\/www.delpinoingenieros.cl\/index.php\/mision-vision\/","title":{"rendered":"Misi\u00f3n Visi\u00f3n"},"content":{"rendered":"<div id=\"pl-2705\"  class=\"panel-layout\" ><div id=\"pg-2705-0\"  class=\"panel-grid panel-has-style\" ><div class=\"siteorigin-panels-stretch panel-row-style panel-row-style-for-2705-0\" style=\"background-image: url(https:\/\/www.delpinoingenieros.cl\/wp-content\/uploads\/2017\/10\/IMG_2098.jpg);padding: 100px 0; \" data-stretch-type=\"full\" data-hasbg=\"hasbg\" data-overlay=\"true\" data-overlay-color=\"#000000\" ><div id=\"pgc-2705-0-0\"  class=\"panel-grid-cell\" ><div id=\"panel-2705-0-0-0\" class=\"so-panel widget widget_sydney_action sydney_action_widget panel-first-child panel-last-child\" data-index=\"0\" ><div style=\"text-align: left;\" data-title-color=\"#81d742\" data-headings-color=\"#ffffff\" class=\"panel-widget-style panel-widget-style-for-2705-0-0-0\" ><h3 class=\"widget-title\">Misi\u00f3n Visi\u00f3n<\/h3>        <div class=\"roll-promobox \">\r\n\t\t\t<div class=\"promo-wrap\">\r\n\t\t\t\t\t\t\t\t<div class=\"promo-content\">\r\n\t\t\t\t\t<h3 class=\"title\">DESCARGA NUESTRA MISI\u00d3N Y VISI\u00d3N<\/h3>\r\n\t\t\t\t<\/div>\r\n\t\t\t\t\t\t\t\t<div class=\"promo-controls\">\r\n\t\t\t\t\t<a href=\"http:\/\/www.delpinoingenieros.cl\/dpiweb\/documentos\/Mision_Vision.pdf\" class=\"roll-button border\">DESCARGA AQU\u00cd<\/a>\r\n\t\t\t\t<\/div>\r\n\t\t\t<\/div>\r\n        <\/div>\r\n\t<\/div><\/div><\/div><\/div><\/div><div id=\"pg-2705-1\"  class=\"panel-grid panel-has-style\" ><div style=\"padding: 20px 0; \" data-overlay=\"true\" data-overlay-color=\"#000000\" class=\"panel-row-style panel-row-style-for-2705-1\" ><div id=\"pgc-2705-1-0\"  class=\"panel-grid-cell\" ><div id=\"panel-2705-1-0-0\" class=\"so-panel widget widget_text panel-first-child panel-last-child\" data-index=\"1\" ><div style=\"text-align: left;\" data-title-color=\"#443f3f\" data-headings-color=\"#443f3f\" class=\"panel-widget-style panel-widget-style-for-2705-1-0-0\" ><h3 class=\"widget-title\">Misi\u00f3n Del Pino<\/h3>\t\t\t<div class=\"textwidget\"><p>Del Pino Ingenieros Limitada, es una empresa que entrega servicios de ingenier\u00eda y proyectos integrales a su medida, de manera eficiente y flexible, para los sectores de: Miner\u00eda, Construcci\u00f3n e Industria con una planificaci\u00f3n y programaci\u00f3n adecuada.<\/p>\n<\/div>\n\t\t<\/div><\/div><\/div><div id=\"pgc-2705-1-1\"  class=\"panel-grid-cell\" ><div id=\"panel-2705-1-1-0\" class=\"so-panel widget widget_text panel-first-child panel-last-child\" data-index=\"2\" ><div style=\"text-align: left;\" data-title-color=\"#443f3f\" data-headings-color=\"#443f3f\" class=\"panel-widget-style panel-widget-style-for-2705-1-1-0\" ><h3 class=\"widget-title\">Visi\u00f3n Del Pino<\/h3>\t\t\t<div class=\"textwidget\"><p>Nuestra Visi\u00f3n es transformar a Del Pino Ingenieros Limitada en una empresa de excelencia en servicios integrales multidisciplinaria para los sectores de: Miner\u00eda, Construcci\u00f3n, e Industria pretendiendo que nuestros clientes, nos prefieran y nos reconozcan como empresa l\u00edder en la prestaci\u00f3n de servicios de Ingenier\u00eda, sustent\u00e1ndose en la alta competencia y compromiso de todos los integrantes de la organizaci\u00f3n. Trabajando en la b\u00fasqueda constante de incorporaci\u00f3n de nuevas tecnolog\u00edas y de activos intangibles como el conocimiento.<\/p>\n<\/div>\n\t\t<\/div><\/div><\/div><\/div><\/div><\/div>","protected":false},"excerpt":{"rendered":"<p>Del Pino Ingenieros Limitada, es una empresa que entrega servicios de ingenier\u00eda y proyectos integrales a su medida, de manera eficiente y [&hellip;]<\/p>\n","protected":false},"author":1,"featured_media":0,"parent":0,"menu_order":0,"comment_status":"closed","ping_status":"closed","template":"page-templates\/page_front-page.php","meta":[],"wppr_data":{"cwp_meta_box_check":"No"},"yoast_head":"<!-- This site is optimized with the Yoast SEO plugin v20.5 - https:\/\/yoast.com\/wordpress\/plugins\/seo\/ -->\n<title>Misi\u00f3n Visi\u00f3n - DelPino Ingenieros<\/title>\n<meta name=\"robots\" content=\"index, follow, max-snippet:-1, max-image-preview:large, max-video-preview:-1\" \/>\n<link rel=\"canonical\" href=\"https:\/\/www.delpinoingenieros.cl\/index.php\/mision-vision\/\" \/>\n<meta property=\"og:locale\" content=\"es_ES\" \/>\n<meta property=\"og:type\" content=\"article\" \/>\n<meta property=\"og:title\" content=\"Misi\u00f3n Visi\u00f3n - DelPino Ingenieros\" \/>\n<meta property=\"og:description\" content=\"Del Pino Ingenieros Limitada, es una empresa que entrega servicios de ingenier\u00eda y proyectos integrales a su medida, de manera eficiente y [&hellip;]\" \/>\n<meta property=\"og:url\" content=\"https:\/\/www.delpinoingenieros.cl\/index.php\/mision-vision\/\" \/>\n<meta property=\"og:site_name\" content=\"DelPino Ingenieros\" \/>\n<meta property=\"article:modified_time\" content=\"2019-06-18T18:53:53+00:00\" \/>\n<meta name=\"twitter:card\" content=\"summary_large_image\" \/>\n<meta name=\"twitter:label1\" content=\"Est. reading time\" \/>\n\t<meta name=\"twitter:data1\" content=\"1 minuto\" \/>\n<script type=\"application\/ld+json\" class=\"yoast-schema-graph\">{\"@context\":\"https:\/\/schema.org\",\"@graph\":[{\"@type\":\"WebPage\",\"@id\":\"https:\/\/www.delpinoingenieros.cl\/index.php\/mision-vision\/\",\"url\":\"https:\/\/www.delpinoingenieros.cl\/index.php\/mision-vision\/\",\"name\":\"Misi\u00f3n Visi\u00f3n - DelPino Ingenieros\",\"isPartOf\":{\"@id\":\"https:\/\/www.delpinoingenieros.cl\/#website\"},\"datePublished\":\"2017-10-10T14:40:34+00:00\",\"dateModified\":\"2019-06-18T18:53:53+00:00\",\"breadcrumb\":{\"@id\":\"https:\/\/www.delpinoingenieros.cl\/index.php\/mision-vision\/#breadcrumb\"},\"inLanguage\":\"es-CL\",\"potentialAction\":[{\"@type\":\"ReadAction\",\"target\":[\"https:\/\/www.delpinoingenieros.cl\/index.php\/mision-vision\/\"]}]},{\"@type\":\"BreadcrumbList\",\"@id\":\"https:\/\/www.delpinoingenieros.cl\/index.php\/mision-vision\/#breadcrumb\",\"itemListElement\":[{\"@type\":\"ListItem\",\"position\":1,\"name\":\"Portada\",\"item\":\"https:\/\/www.delpinoingenieros.cl\/\"},{\"@type\":\"ListItem\",\"position\":2,\"name\":\"Misi\u00f3n Visi\u00f3n\"}]},{\"@type\":\"WebSite\",\"@id\":\"https:\/\/www.delpinoingenieros.cl\/#website\",\"url\":\"https:\/\/www.delpinoingenieros.cl\/\",\"name\":\"DelPino Ingenieros\",\"description\":\"\",\"potentialAction\":[{\"@type\":\"SearchAction\",\"target\":{\"@type\":\"EntryPoint\",\"urlTemplate\":\"https:\/\/www.delpinoingenieros.cl\/?s={search_term_string}\"},\"query-input\":\"required name=search_term_string\"}],\"inLanguage\":\"es-CL\"}]}<\/script>\n<!-- \/ Yoast SEO plugin. -->","yoast_head_json":{"title":"Misi\u00f3n Visi\u00f3n - DelPino Ingenieros","robots":{"index":"index","follow":"follow","max-snippet":"max-snippet:-1","max-image-preview":"max-image-preview:large","max-video-preview":"max-video-preview:-1"},"canonical":"https:\/\/www.delpinoingenieros.cl\/index.php\/mision-vision\/","og_locale":"es_ES","og_type":"article","og_title":"Misi\u00f3n Visi\u00f3n - DelPino Ingenieros","og_description":"Del Pino Ingenieros Limitada, es una empresa que entrega servicios de ingenier\u00eda y proyectos integrales a su medida, de manera eficiente y [&hellip;]","og_url":"https:\/\/www.delpinoingenieros.cl\/index.php\/mision-vision\/","og_site_name":"DelPino Ingenieros","article_modified_time":"2019-06-18T18:53:53+00:00","twitter_card":"summary_large_image","twitter_misc":{"Est. reading time":"1 minuto"},"schema":{"@context":"https:\/\/schema.org","@graph":[{"@type":"WebPage","@id":"https:\/\/www.delpinoingenieros.cl\/index.php\/mision-vision\/","url":"https:\/\/www.delpinoingenieros.cl\/index.php\/mision-vision\/","name":"Misi\u00f3n Visi\u00f3n - DelPino Ingenieros","isPartOf":{"@id":"https:\/\/www.delpinoingenieros.cl\/#website"},"datePublished":"2017-10-10T14:40:34+00:00","dateModified":"2019-06-18T18:53:53+00:00","breadcrumb":{"@id":"https:\/\/www.delpinoingenieros.cl\/index.php\/mision-vision\/#breadcrumb"},"inLanguage":"es-CL","potentialAction":[{"@type":"ReadAction","target":["https:\/\/www.delpinoingenieros.cl\/index.php\/mision-vision\/"]}]},{"@type":"BreadcrumbList","@id":"https:\/\/www.delpinoingenieros.cl\/index.php\/mision-vision\/#breadcrumb","itemListElement":[{"@type":"ListItem","position":1,"name":"Portada","item":"https:\/\/www.delpinoingenieros.cl\/"},{"@type":"ListItem","position":2,"name":"Misi\u00f3n Visi\u00f3n"}]},{"@type":"WebSite","@id":"https:\/\/www.delpinoingenieros.cl\/#website","url":"https:\/\/www.delpinoingenieros.cl\/","name":"DelPino Ingenieros","description":"","potentialAction":[{"@type":"SearchAction","target":{"@type":"EntryPoint","urlTemplate":"https:\/\/www.delpinoingenieros.cl\/?s={search_term_string}"},"query-input":"required name=search_term_string"}],"inLanguage":"es-CL"}]}},"_links":{"self":[{"href":"https:\/\/www.delpinoingenieros.cl\/index.php\/wp-json\/wp\/v2\/pages\/2705"}],"collection":[{"href":"https:\/\/www.delpinoingenieros.cl\/index.php\/wp-json\/wp\/v2\/pages"}],"about":[{"href":"https:\/\/www.delpinoingenieros.cl\/index.php\/wp-json\/wp\/v2\/types\/page"}],"author":[{"embeddable":true,"href":"https:\/\/www.delpinoingenieros.cl\/index.php\/wp-json\/wp\/v2\/users\/1"}],"replies":[{"embeddable":true,"href":"https:\/\/www.delpinoingenieros.cl\/index.php\/wp-json\/wp\/v2\/comments?post=2705"}],"version-history":[{"count":18,"href":"https:\/\/www.delpinoingenieros.cl\/index.php\/wp-json\/wp\/v2\/pages\/2705\/revisions"}],"predecessor-version":[{"id":2725,"href":"https:\/\/www.delpinoingenieros.cl\/index.php\/wp-json\/wp\/v2\/pages\/2705\/revisions\/2725"}],"wp:attachment":[{"href":"https:\/\/www.delpinoingenieros.cl\/index.php\/wp-json\/wp\/v2\/media?parent=2705"}],"curies":[{"name":"wp","href":"https:\/\/api.w.org\/{rel}","templated":true}]}}