{"id":2684,"date":"2017-10-10T13:36:18","date_gmt":"2017-10-10T13:36:18","guid":{"rendered":"http:\/\/www.delpinoingenieros.cl\/?page_id=2684"},"modified":"2019-06-18T16:08:18","modified_gmt":"2019-06-18T16:08:18","slug":"politica","status":"publish","type":"page","link":"https:\/\/www.delpinoingenieros.cl\/index.php\/politica\/","title":{"rendered":"Pol\u00edtica"},"content":{"rendered":"<div id=\"pl-2684\"  class=\"panel-layout\" ><div id=\"pg-2684-0\"  class=\"panel-grid panel-has-style\" ><div class=\"siteorigin-panels-stretch panel-row-style panel-row-style-for-2684-0\" style=\"background-image: url(https:\/\/www.delpinoingenieros.cl\/wp-content\/uploads\/2017\/06\/6.jpg);padding: 100px 0; \" data-stretch-type=\"full\" data-hasbg=\"hasbg\" data-overlay=\"true\" data-overlay-color=\"#000000\" ><div id=\"pgc-2684-0-0\"  class=\"panel-grid-cell\" ><div id=\"panel-2684-0-0-0\" class=\"so-panel widget widget_sydney_action sydney_action_widget panel-first-child panel-last-child\" data-index=\"0\" ><div style=\"text-align: left;\" data-title-color=\"#81d742\" data-headings-color=\"#ffffff\" class=\"panel-widget-style panel-widget-style-for-2684-0-0-0\" ><h3 class=\"widget-title\">Politica<\/h3>        <div class=\"roll-promobox \">\r\n\t\t\t<div class=\"promo-wrap\">\r\n\t\t\t\t\t\t\t\t<div class=\"promo-content\">\r\n\t\t\t\t\t<h3 class=\"title\">DESCARGA NUESTRA POL\u00cdTICA EMPRESARIAL<\/h3>\r\n\t\t\t\t<\/div>\r\n\t\t\t\t\t\t\t\t<div class=\"promo-controls\">\r\n\t\t\t\t\t<a href=\"http:\/\/www.delpinoingenieros.cl\/dpiweb\/documentos\/Politica_DPI.pdf\" class=\"roll-button border\">DESCARGA AQU\u00cd<\/a>\r\n\t\t\t\t<\/div>\r\n\t\t\t<\/div>\r\n        <\/div>\r\n\t<\/div><\/div><\/div><\/div><\/div><div id=\"pg-2684-1\"  class=\"panel-grid panel-has-style\" ><div class=\"siteorigin-panels-stretch panel-row-style panel-row-style-for-2684-1\" style=\"padding: 20px 0; \" data-stretch-type=\"full\" data-overlay-color=\"#000000\" ><div id=\"pgc-2684-1-0\"  class=\"panel-grid-cell\" ><div id=\"panel-2684-1-0-0\" class=\"so-panel widget widget_sow-editor panel-first-child panel-last-child\" data-index=\"1\" ><div style=\"text-align: left;\" data-title-color=\"#443f3f\" data-headings-color=\"#443f3f\" class=\"panel-widget-style panel-widget-style-for-2684-1-0-0\" ><div\n\t\t\t\n\t\t\tclass=\"so-widget-sow-editor so-widget-sow-editor-base\"\n\t\t\t\n\t\t>\n<div class=\"siteorigin-widget-tinymce textwidget\">\n\t<h4><span style=\"color: #499a3e;\">DEL PINO INGENIEROS LTDA.<\/span><\/h4>\n<p>Es una empresa colaboradora de ingenier\u00eda multidisciplinaria (El\u00e9ctrica, Mec\u00e1nica, Civil, Estructural, Sanitaria, Piping, Geomensura, Arquitectura) e inspecci\u00f3n t\u00e9cnica de proyectos en la etapa constructiva para la Gran Industria y la Miner\u00eda, tiene como objetivo fundamental proporcionar a sus clientes servicios y\/o productos innovadores, de calidad, que respondan a sus necesidades y expectativas, bajo los est\u00e1ndares de seguridad, salud ocupacional y medio ambiente.<\/p>\n<p><span style=\"color: #499a3e;\"><strong>Del Pino Ingenieros Ltda., <\/strong><\/span>Cuenta con recurso humano calificado, equipamiento de \u00faltima generaci\u00f3n, softwares licenciados e instrumentos certificados de alta tecnolog\u00eda, para la ejecuci\u00f3n de sus servicios con calidad, eficiencia y eficacia.<\/p>\n<p><span style=\"color: #499a3e;\"><strong>Del Pino Ingenieros Ltda.,<\/strong><\/span> Se compromete a mejorar continuamente sus procesos internos para garantizar la calidad e innovaci\u00f3n del servicio, manteniendo actualizados los sistemas de gesti\u00f3n en conformidad a las normas internacionales, ISO-9001, ISO 14.001, ISO-45001.<\/p>\n<p><span style=\"color: #499a3e;\"><strong>Del Pino Ingenieros Ltda., <\/strong><\/span>Se compromete en todos sus servicios a preservar el medio ambiente y prevenir la contaminaci\u00f3n.<\/p>\n<p><span style=\"color: #499a3e;\"><strong>Del Pino Ingenieros Ltda., <\/strong><\/span>Se compromete en todos sus servicios a prevenir los accidentes y enfermedades profesionales, resguardando as\u00ed la integridad de todos los trabajadores y colaboradores.<\/p>\n<p><span style=\"color: #499a3e;\"><strong>Del Pino Ingenieros Ltda.,<\/strong> <\/span>Se compromete a proteger la seguridad y salud de las personas, proporcionando condiciones de trabajo seguras y saludables para la prevenci\u00f3n de accidentes y enfermedades.<\/p>\n<p><strong><span style=\"color: #499a3e;\">Del Pino Ingenieros Ltda.,<\/span><\/strong> Se compromete a realizar esfuerzos permanentes para eliminar los peligros y reducir los riesgos inherentes a las actividades, incluyendo como pilar fundamental de la prevenci\u00f3n la consulta y participaci\u00f3n de los trabajadores.<\/p>\n<p><span style=\"color: #499a3e;\"><strong>Del Pino Ingenieros Ltda.,<\/strong><\/span> Actuar\u00e1 en conformidad con la legislaci\u00f3n aplicable y exigencias establecidas por nuestros clientes.<\/p>\n<\/div>\n<\/div><\/div><\/div><\/div><\/div><\/div><\/div>","protected":false},"excerpt":{"rendered":"<p>DEL PINO INGENIEROS LTDA. Es una empresa colaboradora de ingenier\u00eda multidisciplinaria (El\u00e9ctrica, Mec\u00e1nica, Civil, Estructural, Sanitaria, Piping, Geomensura, Arquitectura) e inspecci\u00f3n t\u00e9cnica [&hellip;]<\/p>\n","protected":false},"author":1,"featured_media":0,"parent":0,"menu_order":0,"comment_status":"closed","ping_status":"closed","template":"page-templates\/page_front-page.php","meta":[],"wppr_data":{"cwp_meta_box_check":"No"},"yoast_head":"<!-- This site is optimized with the Yoast SEO plugin v20.5 - https:\/\/yoast.com\/wordpress\/plugins\/seo\/ -->\n<title>Pol\u00edtica - DelPino Ingenieros<\/title>\n<meta name=\"robots\" content=\"index, follow, max-snippet:-1, max-image-preview:large, max-video-preview:-1\" \/>\n<link rel=\"canonical\" href=\"https:\/\/www.delpinoingenieros.cl\/index.php\/politica\/\" \/>\n<meta property=\"og:locale\" content=\"es_ES\" \/>\n<meta property=\"og:type\" content=\"article\" \/>\n<meta property=\"og:title\" content=\"Pol\u00edtica - DelPino Ingenieros\" \/>\n<meta property=\"og:description\" content=\"DEL PINO INGENIEROS LTDA. Es una empresa colaboradora de ingenier\u00eda multidisciplinaria (El\u00e9ctrica, Mec\u00e1nica, Civil, Estructural, Sanitaria, Piping, Geomensura, Arquitectura) e inspecci\u00f3n t\u00e9cnica [&hellip;]\" \/>\n<meta property=\"og:url\" content=\"https:\/\/www.delpinoingenieros.cl\/index.php\/politica\/\" \/>\n<meta property=\"og:site_name\" content=\"DelPino Ingenieros\" \/>\n<meta property=\"article:modified_time\" content=\"2019-06-18T16:08:18+00:00\" \/>\n<meta name=\"twitter:card\" content=\"summary_large_image\" \/>\n<meta name=\"twitter:label1\" content=\"Est. reading time\" \/>\n\t<meta name=\"twitter:data1\" content=\"1 minuto\" \/>\n<script type=\"application\/ld+json\" class=\"yoast-schema-graph\">{\"@context\":\"https:\/\/schema.org\",\"@graph\":[{\"@type\":\"WebPage\",\"@id\":\"https:\/\/www.delpinoingenieros.cl\/index.php\/politica\/\",\"url\":\"https:\/\/www.delpinoingenieros.cl\/index.php\/politica\/\",\"name\":\"Pol\u00edtica - DelPino Ingenieros\",\"isPartOf\":{\"@id\":\"https:\/\/www.delpinoingenieros.cl\/#website\"},\"datePublished\":\"2017-10-10T13:36:18+00:00\",\"dateModified\":\"2019-06-18T16:08:18+00:00\",\"breadcrumb\":{\"@id\":\"https:\/\/www.delpinoingenieros.cl\/index.php\/politica\/#breadcrumb\"},\"inLanguage\":\"es-CL\",\"potentialAction\":[{\"@type\":\"ReadAction\",\"target\":[\"https:\/\/www.delpinoingenieros.cl\/index.php\/politica\/\"]}]},{\"@type\":\"BreadcrumbList\",\"@id\":\"https:\/\/www.delpinoingenieros.cl\/index.php\/politica\/#breadcrumb\",\"itemListElement\":[{\"@type\":\"ListItem\",\"position\":1,\"name\":\"Portada\",\"item\":\"https:\/\/www.delpinoingenieros.cl\/\"},{\"@type\":\"ListItem\",\"position\":2,\"name\":\"Pol\u00edtica\"}]},{\"@type\":\"WebSite\",\"@id\":\"https:\/\/www.delpinoingenieros.cl\/#website\",\"url\":\"https:\/\/www.delpinoingenieros.cl\/\",\"name\":\"DelPino Ingenieros\",\"description\":\"\",\"potentialAction\":[{\"@type\":\"SearchAction\",\"target\":{\"@type\":\"EntryPoint\",\"urlTemplate\":\"https:\/\/www.delpinoingenieros.cl\/?s={search_term_string}\"},\"query-input\":\"required name=search_term_string\"}],\"inLanguage\":\"es-CL\"}]}<\/script>\n<!-- \/ Yoast SEO plugin. -->","yoast_head_json":{"title":"Pol\u00edtica - DelPino Ingenieros","robots":{"index":"index","follow":"follow","max-snippet":"max-snippet:-1","max-image-preview":"max-image-preview:large","max-video-preview":"max-video-preview:-1"},"canonical":"https:\/\/www.delpinoingenieros.cl\/index.php\/politica\/","og_locale":"es_ES","og_type":"article","og_title":"Pol\u00edtica - DelPino Ingenieros","og_description":"DEL PINO INGENIEROS LTDA. Es una empresa colaboradora de ingenier\u00eda multidisciplinaria (El\u00e9ctrica, Mec\u00e1nica, Civil, Estructural, Sanitaria, Piping, Geomensura, Arquitectura) e inspecci\u00f3n t\u00e9cnica [&hellip;]","og_url":"https:\/\/www.delpinoingenieros.cl\/index.php\/politica\/","og_site_name":"DelPino Ingenieros","article_modified_time":"2019-06-18T16:08:18+00:00","twitter_card":"summary_large_image","twitter_misc":{"Est. reading time":"1 minuto"},"schema":{"@context":"https:\/\/schema.org","@graph":[{"@type":"WebPage","@id":"https:\/\/www.delpinoingenieros.cl\/index.php\/politica\/","url":"https:\/\/www.delpinoingenieros.cl\/index.php\/politica\/","name":"Pol\u00edtica - DelPino Ingenieros","isPartOf":{"@id":"https:\/\/www.delpinoingenieros.cl\/#website"},"datePublished":"2017-10-10T13:36:18+00:00","dateModified":"2019-06-18T16:08:18+00:00","breadcrumb":{"@id":"https:\/\/www.delpinoingenieros.cl\/index.php\/politica\/#breadcrumb"},"inLanguage":"es-CL","potentialAction":[{"@type":"ReadAction","target":["https:\/\/www.delpinoingenieros.cl\/index.php\/politica\/"]}]},{"@type":"BreadcrumbList","@id":"https:\/\/www.delpinoingenieros.cl\/index.php\/politica\/#breadcrumb","itemListElement":[{"@type":"ListItem","position":1,"name":"Portada","item":"https:\/\/www.delpinoingenieros.cl\/"},{"@type":"ListItem","position":2,"name":"Pol\u00edtica"}]},{"@type":"WebSite","@id":"https:\/\/www.delpinoingenieros.cl\/#website","url":"https:\/\/www.delpinoingenieros.cl\/","name":"DelPino Ingenieros","description":"","potentialAction":[{"@type":"SearchAction","target":{"@type":"EntryPoint","urlTemplate":"https:\/\/www.delpinoingenieros.cl\/?s={search_term_string}"},"query-input":"required name=search_term_string"}],"inLanguage":"es-CL"}]}},"_links":{"self":[{"href":"https:\/\/www.delpinoingenieros.cl\/index.php\/wp-json\/wp\/v2\/pages\/2684"}],"collection":[{"href":"https:\/\/www.delpinoingenieros.cl\/index.php\/wp-json\/wp\/v2\/pages"}],"about":[{"href":"https:\/\/www.delpinoingenieros.cl\/index.php\/wp-json\/wp\/v2\/types\/page"}],"author":[{"embeddable":true,"href":"https:\/\/www.delpinoingenieros.cl\/index.php\/wp-json\/wp\/v2\/users\/1"}],"replies":[{"embeddable":true,"href":"https:\/\/www.delpinoingenieros.cl\/index.php\/wp-json\/wp\/v2\/comments?post=2684"}],"version-history":[{"count":42,"href":"https:\/\/www.delpinoingenieros.cl\/index.php\/wp-json\/wp\/v2\/pages\/2684\/revisions"}],"predecessor-version":[{"id":3374,"href":"https:\/\/www.delpinoingenieros.cl\/index.php\/wp-json\/wp\/v2\/pages\/2684\/revisions\/3374"}],"wp:attachment":[{"href":"https:\/\/www.delpinoingenieros.cl\/index.php\/wp-json\/wp\/v2\/media?parent=2684"}],"curies":[{"name":"wp","href":"https:\/\/api.w.org\/{rel}","templated":true}]}}